{"id":61,"date":"2025-12-30T12:34:52","date_gmt":"2025-12-30T12:34:52","guid":{"rendered":"https:\/\/entre2rise.erasmus.site\/?page_id=61"},"modified":"2026-03-20T14:49:23","modified_gmt":"2026-03-20T14:49:23","slug":"partnership","status":"publish","type":"page","link":"https:\/\/entre2rise.erasmus.site\/pl\/partnership\/","title":{"rendered":"Partnerzy"},"content":{"rendered":"<p><img fetchpriority=\"high\" decoding=\"async\" class=\"size-full wp-image-42 aligncenter\" src=\"https:\/\/entre2rise.erasmus.site\/wp-content\/uploads\/2025\/12\/wysoka-skola.webp\" alt=\"\" width=\"300\" height=\"300\" srcset=\"https:\/\/entre2rise.erasmus.site\/wp-content\/uploads\/2025\/12\/wysoka-skola.webp 300w, https:\/\/entre2rise.erasmus.site\/wp-content\/uploads\/2025\/12\/wysoka-skola-150x150.webp 150w, https:\/\/entre2rise.erasmus.site\/wp-content\/uploads\/2025\/12\/wysoka-skola-24x24.webp 24w, https:\/\/entre2rise.erasmus.site\/wp-content\/uploads\/2025\/12\/wysoka-skola-36x36.webp 36w, https:\/\/entre2rise.erasmus.site\/wp-content\/uploads\/2025\/12\/wysoka-skola-48x48.webp 48w\" sizes=\"(max-width: 300px) 100vw, 300px\" \/><\/p>\n<p style=\"text-align: center;\">Koordynator projektu<\/p>\n<h3 style=\"text-align: center;\"><strong>VYSOKA SKOLA TECHNICKA A EKONOMICKA V CESKYCH BUDEJOVICICH \u2013 Czechy<\/strong><\/h3>\n<p>VSTE to publiczna uczelnia o profilu praktycznym, skoncentrowana na kszta\u0142ceniu w obszarze ekonomii i kierunk\u00f3w technicznych oraz na badaniach o wysokim potencjale zastosowa\u0144 praktycznych. Wyniki bada\u0144 s\u0105 systematycznie wykorzystywane w procesie dydaktycznym, co sprzyja przek\u0142adaniu wiedzy na praktyk\u0119.<\/p>\n<p>Uczelnia oferuje tak\u017ce szerokie mo\u017cliwo\u015bci kszta\u0142cenia, w tym programy zawodowe i profesjonalne dostosowane do potrzeb rynku pracy oraz przedsi\u0119biorstw. Uczelnia realizuje szkolenia dla firm, kursy kwalifikacji zawodowych akredytowane w ramach Krajowego Systemu Kwalifikacji oraz programy przekwalifikowania odpowiadaj\u0105ce nowym wymaganiom rynku pracy.<\/p>\n<p>Ponadto VSTE wspiera zaanga\u017cowanie spo\u0142eczno\u015bci poprzez wyspecjalizowane jednostki i inicjatywy, takie jak Bawarsko-Czeski Inkubator Studencki wspieraj\u0105cy dzia\u0142alno\u015b\u0107 start-up\u00f3w w regionie przygranicznym, Centrum Kariery, Centrum Bez Barier oraz Uniwersytet Trzeciego Wieku. Uczelnia promuje r\u00f3wnie\u017c dobre samopoczucie student\u00f3w i integracj\u0119 spo\u0142eczn\u0105 poprzez dzia\u0142alno\u015b\u0107 sportow\u0105 i zaj\u0119cia pozalekcyjne.<\/p>\n<hr \/>\n<p><img decoding=\"async\" class=\"wp-image-43 size-full aligncenter\" src=\"https:\/\/entre2rise.erasmus.site\/wp-content\/uploads\/2025\/12\/itsalvus.webp\" alt=\"\" width=\"300\" height=\"300\" srcset=\"https:\/\/entre2rise.erasmus.site\/wp-content\/uploads\/2025\/12\/itsalvus.webp 300w, https:\/\/entre2rise.erasmus.site\/wp-content\/uploads\/2025\/12\/itsalvus-150x150.webp 150w, https:\/\/entre2rise.erasmus.site\/wp-content\/uploads\/2025\/12\/itsalvus-24x24.webp 24w, https:\/\/entre2rise.erasmus.site\/wp-content\/uploads\/2025\/12\/itsalvus-36x36.webp 36w, https:\/\/entre2rise.erasmus.site\/wp-content\/uploads\/2025\/12\/itsalvus-48x48.webp 48w\" sizes=\"(max-width: 300px) 100vw, 300px\" \/><\/p>\n<h3 style=\"text-align: center;\"><strong>IT Salvus \u0141UKASZ K\u0141APA- Polska<\/strong><\/h3>\n<p>IT Salvus \u0141UKASZ KLAPA to firma z sektora M\u015aP, dzia\u0142aj\u0105ca od 2010 roku w bran\u017cy IT, nowych technologii i sztucznej inteligencji. Swoj\u0105 dzia\u0142alno\u015b\u0107 rozpocz\u0119\u0142a od rozwoju dost\u0119pu do sieci w regionie Podkarpacia, realizuj\u0105c projekty sieci MAN i WAN, \u015bwiat\u0142owod\u00f3w oraz us\u0142ug IPTV. Z biegiem czasu firma zacz\u0119\u0142a tworzy\u0107 rozwi\u0105zania cyfrowe wspieraj\u0105ce rozw\u00f3j biznesu i zwi\u0119kszaj\u0105ce efektywno\u015b\u0107 dzi\u0119ki inteligentnym narz\u0119dziom. Obecnie IT Salvus projektuje i wdra\u017ca systemy, od prostych aplikacji po zaawansowane platformy z wykorzystaniem AI. Firma oferuje specjalistyczn\u0105 wiedz\u0119 w zakresie aplikacji internetowych i mobilnych, rozwi\u0105za\u0144 hostingowych, bezpiecze\u0144stwa danych oraz wysokiej dost\u0119pno\u015bci infrastruktury z zaawansowanymi systemami kontroli i optymalizacji. Korzysta z nowoczesnych technologii, takich jak Flutter, TensorFlow, Laravel, Laminas i Symfony, wsp\u00f3\u0142pracuj\u0105c z r\u00f3\u017cnorodnymi organizacjami i stale dostosowuj\u0105c si\u0119 do trend\u00f3w cyfrowych, aby dostarcza\u0107 skuteczne i przysz\u0142o\u015bciowe rozwi\u0105zania.<\/p>\n<hr \/>\n<p><img decoding=\"async\" class=\"wp-image-44 size-full aligncenter\" src=\"https:\/\/entre2rise.erasmus.site\/wp-content\/uploads\/2025\/12\/dias.webp\" alt=\"\" width=\"300\" height=\"300\" srcset=\"https:\/\/entre2rise.erasmus.site\/wp-content\/uploads\/2025\/12\/dias.webp 300w, https:\/\/entre2rise.erasmus.site\/wp-content\/uploads\/2025\/12\/dias-150x150.webp 150w, https:\/\/entre2rise.erasmus.site\/wp-content\/uploads\/2025\/12\/dias-24x24.webp 24w, https:\/\/entre2rise.erasmus.site\/wp-content\/uploads\/2025\/12\/dias-36x36.webp 36w, https:\/\/entre2rise.erasmus.site\/wp-content\/uploads\/2025\/12\/dias-48x48.webp 48w\" sizes=\"(max-width: 300px) 100vw, 300px\" \/><\/p>\n<h3 style=\"text-align: center;\"><strong>KENTRO EPAGELMATIKIS KATARTISIS DIAS EPE &#8211; Grecja<\/strong><\/h3>\n<p>DIAS VET to certyfikowane centrum kszta\u0142cenia\u00a0 zawodowego z siedzib\u0105 w Grecji, promuj\u0105ce uczenie si\u0119 przez ca\u0142e \u017cycie, rozw\u00f3j zawodowy i innowacje w edukacji. Dzi\u0119ki du\u017cemu do\u015bwiadczeniu w projektach finansowanych przez UE, DIAS VET projektuje i realizuje programy szkoleniowe odpowiadaj\u0105ce\u00a0 potrzebom rynku pracy, wspieraj\u0105ce przedsi\u0119biorczo\u015b\u0107 oraz rozw\u00f3j kompetencji cyfrowych i mi\u0119kkich. Organizacja wsp\u00f3\u0142pracuje z instytucjami publicznymi, edukacyjnymi i przedsi\u0119biorstwami, tworz\u0105c dost\u0119pne \u015bcie\u017cki kszta\u0142cenia oraz zr\u00f3wnowa\u017cone mo\u017cliwo\u015bci rozwoju kariery. Dzi\u0119ki dynamicznemu podej\u015bciu i europejskim partnerstwom, DIAS VET \u0142\u0105czy edukacj\u0119, innowacje i perspektywy zawodowe, wspieraj\u0105c rozw\u00f3j w zmieniaj\u0105cym si\u0119 \u015brodowisku spo\u0142eczno-gospodarczym<\/p>\n<hr \/>\n<p><img loading=\"lazy\" decoding=\"async\" class=\"wp-image-48 size-full aligncenter\" src=\"https:\/\/entre2rise.erasmus.site\/wp-content\/uploads\/2025\/12\/responsiblesociety.webp\" alt=\"\" width=\"300\" height=\"300\" srcset=\"https:\/\/entre2rise.erasmus.site\/wp-content\/uploads\/2025\/12\/responsiblesociety.webp 300w, https:\/\/entre2rise.erasmus.site\/wp-content\/uploads\/2025\/12\/responsiblesociety-150x150.webp 150w, https:\/\/entre2rise.erasmus.site\/wp-content\/uploads\/2025\/12\/responsiblesociety-24x24.webp 24w, https:\/\/entre2rise.erasmus.site\/wp-content\/uploads\/2025\/12\/responsiblesociety-36x36.webp 36w, https:\/\/entre2rise.erasmus.site\/wp-content\/uploads\/2025\/12\/responsiblesociety-48x48.webp 48w\" sizes=\"(max-width: 300px) 100vw, 300px\" \/><\/p>\n<h3 style=\"text-align: center;\"><strong>Odpov\u011bdn\u00e1 spole\u010dnost, z. \u2013 Czechy<\/strong><\/h3>\n<p>Responsible Society (Odpov\u011bdn\u00e1 spole\u010dnost, z.\u202fs.) to organizacja non-profit promuj\u0105ca \u015bwiadome dzia\u0142ania we wszystkich obszarach \u017cycia spo\u0142ecznego, ze szczeg\u00f3lnym uwzgl\u0119dnieniem edukacji, polityki publicznej, przedsi\u0119biorczo\u015bci i nauki<\/p>\n<p>Wierzymy, \u017ce odpowiedzialni aktorzy, to osoby, kt\u00f3re \u015bwiadomie podejmuj\u0105 decyzje zamiast reagowa\u0107 impulsywnie &#8211; rozumiej\u0105 swoj\u0105 rol\u0119, uwzgl\u0119dniaj\u0105 konsekwencje i wybieraj\u0105\u00a0 przemy\u015blane dzia\u0142ania<\/p>\n<p>Poprzez badania stosowane, programy edukacyjne i inicjatywy wsp\u00f3\u0142pracy wspieramy podejmowanie decyzji opartych na dowodach, my\u015blenie systemowe oraz otwarty dialog. Wsp\u00f3\u0142pracujemy ze szko\u0142ami, uczelniami, przedsi\u0119biorstwami, w\u0142adzami oraz spo\u0142ecze\u0144stwem, aby promowa\u0107 innowacje, kompetencje cyfrowe, rozw\u00f3j i aktywne obywatelstwo.<\/p>\n<p>Poprzez rozwijanie \u015bwiadomo\u015bci, empatii, krytycznej refleksji i my\u015blenia systemowego d\u0105\u017cymy do kszta\u0142towania spo\u0142ecze\u0144stwa, w kt\u00f3rym obywatele i organizacje dzia\u0142aj\u0105 odpowiedzialnie, \u015bwiadomi konsekwencji swoich dzia\u0142a\u0144, szerszego kontekstu i mo\u017cliwo\u015bci pozytywnych zmian.<\/p>\n<hr \/>\n<p><img loading=\"lazy\" decoding=\"async\" class=\"wp-image-52 size-full aligncenter\" src=\"https:\/\/entre2rise.erasmus.site\/wp-content\/uploads\/2025\/12\/csr.webp\" alt=\"\" width=\"300\" height=\"300\" srcset=\"https:\/\/entre2rise.erasmus.site\/wp-content\/uploads\/2025\/12\/csr.webp 300w, https:\/\/entre2rise.erasmus.site\/wp-content\/uploads\/2025\/12\/csr-150x150.webp 150w, https:\/\/entre2rise.erasmus.site\/wp-content\/uploads\/2025\/12\/csr-24x24.webp 24w, https:\/\/entre2rise.erasmus.site\/wp-content\/uploads\/2025\/12\/csr-36x36.webp 36w, https:\/\/entre2rise.erasmus.site\/wp-content\/uploads\/2025\/12\/csr-48x48.webp 48w\" sizes=\"(max-width: 300px) 100vw, 300px\" \/><\/p>\n<h3 style=\"text-align: center;\"><strong>CSR Innovative Solutions ApS &#8211; Dania<\/strong><\/h3>\n<p>CSR Innovative Solutions ApS, z siedzib\u0105 w Danii i Norwegii, wnosi do ENTRE2RISE wiedz\u0119 specjalistyczn\u0105, \u0142\u0105cz\u0105c spo\u0142eczn\u0105 odpowiedzialno\u015b\u0107 przedsi\u0119biorstw (CSR), strategie ESG i jako\u015b\u0107 \u017cycia zawodowego przedsi\u0119biorc\u00f3w.<\/p>\n<p>Jako firma doradcza, dla kt\u00f3rej istotny jest wp\u0142yw spo\u0142eczny, specjalizujemy si\u0119 w opracowywaniu sp\u00f3jnych, zr\u00f3wnowa\u017conych i skoncentrowanych na ludziach strategii biznesowych. Wspieramy przedsi\u0119biorc\u00f3w i firmy w zarz\u0105dzaniu stresem, rozwijaniu inteligencji emocjonalnej oraz skutecznym kierowaniu zespo\u0142em \u2013 kluczowych celach projektu ENTRE2RISE.<\/p>\n<p>Dzi\u0119ki silnym kompetencjom cyfrowym w zakresie zarz\u0105dzania danymi, raportowania wp\u0142ywu i realizacji szkole\u0144, jeste\u015bmy tutaj, aby zapewni\u0107 stabilno\u015b\u0107 i dost\u0119pno\u015b\u0107 wynik\u00f3w projektu.<\/p>\n<p>Wraz z naszymi partnerami jeste\u015bmy dumni, \u017ce mo\u017cemy pomaga\u0107 w kszta\u0142towaniu zdrowszej i\u00a0 stabilniejszej przysz\u0142o\u015bci dla europejskich przedsi\u0119biorc\u00f3w.<\/p>\n<hr \/>\n<p><img loading=\"lazy\" decoding=\"async\" class=\"wp-image-57 size-full aligncenter\" src=\"https:\/\/entre2rise.erasmus.site\/wp-content\/uploads\/2025\/12\/champions-factory.webp\" alt=\"\" width=\"300\" height=\"300\" srcset=\"https:\/\/entre2rise.erasmus.site\/wp-content\/uploads\/2025\/12\/champions-factory.webp 300w, https:\/\/entre2rise.erasmus.site\/wp-content\/uploads\/2025\/12\/champions-factory-150x150.webp 150w, https:\/\/entre2rise.erasmus.site\/wp-content\/uploads\/2025\/12\/champions-factory-24x24.webp 24w, https:\/\/entre2rise.erasmus.site\/wp-content\/uploads\/2025\/12\/champions-factory-36x36.webp 36w, https:\/\/entre2rise.erasmus.site\/wp-content\/uploads\/2025\/12\/champions-factory-48x48.webp 48w\" sizes=\"(max-width: 300px) 100vw, 300px\" \/><\/p>\n<h3 style=\"text-align: center;\"><strong>Champions Factory \u2013 Bu\u0142garia<\/strong><\/h3>\n<p>Champions Factory to globalna organizacja non-profit rozwijaj\u0105ca potencja\u0142 ludzi poprzez edukacj\u0119, przedsi\u0119biorczo\u015b\u0107 i sport. Wiara, \u017ce ka\u017cdy mo\u017ce zosta\u0107 mistrzem, kszta\u0142tuje w\u0142a\u015bciwe nastawienie i rozwija umiej\u0119tno\u015bci niezb\u0119dne do wprowadzania znacz\u0105cych zmian.<\/p>\n<p>Dzi\u0119ki bogatemu do\u015bwiadczeniu w przedsi\u0119biorczo\u015bci, zarz\u0105dzaniu zespo\u0142em i rozwijaniu potencja\u0142u, Champions Factory tworzy programy oparte na do\u015bwiadczeniu, wspieraj\u0105ce innowacyjno\u015b\u0107, kreatywno\u015b\u0107 i wsp\u00f3\u0142prac\u0119. Holistyczne podej\u015bcie organizacji pozwala uczestnikom przekszta\u0142ca\u0107 pomys\u0142y w dzia\u0142ania i opracowywa\u0107 zr\u00f3wnowa\u017cone rozwi\u0105zania.<\/p>\n<p>Dzi\u0119ki mi\u0119dzynarodowej sieci kontakt\u00f3w i bogatemu do\u015bwiadczeniu, Champions Factory uczestniczy w programie Entre2Rise, promuj\u0105cym innowacje spo\u0142eczne, rozw\u00f3j m\u0142odzie\u017cy i przedsi\u0119biorczo\u015b\u0107, jednocze\u015bnie wspieraj\u0105c kolejne pokolenie lider\u00f3w.<\/p>","protected":false},"excerpt":{"rendered":"<p>Koordynator projektu VYSOKA SKOLA TECHNICKA A EKONOMICKA V CESKYCH BUDEJOVICICH \u2013 Czechy VSTE to publiczna uczelnia o profilu praktycznym, skoncentrowana na kszta\u0142ceniu w obszarze ekonomii i kierunk\u00f3w technicznych oraz na badaniach o wysokim potencjale zastosowa\u0144 praktycznych. Wyniki bada\u0144 s\u0105 systematycznie wykorzystywane w procesie dydaktycznym, co sprzyja przek\u0142adaniu wiedzy na praktyk\u0119. Uczelnia oferuje tak\u017ce szerokie mo\u017cliwo\u015bci&hellip;&nbsp;<\/p>\n","protected":false},"author":1,"featured_media":0,"parent":0,"menu_order":0,"comment_status":"closed","ping_status":"closed","template":"","meta":{"neve_meta_sidebar":"","neve_meta_container":"","neve_meta_enable_content_width":"off","neve_meta_content_width":100,"neve_meta_title_alignment":"","neve_meta_author_avatar":"","neve_post_elements_order":"","neve_meta_disable_header":"","neve_meta_disable_footer":"","neve_meta_disable_title":"","footnotes":""},"class_list":["post-61","page","type-page","status-publish","hentry"],"_links":{"self":[{"href":"https:\/\/entre2rise.erasmus.site\/pl\/wp-json\/wp\/v2\/pages\/61","targetHints":{"allow":["GET"]}}],"collection":[{"href":"https:\/\/entre2rise.erasmus.site\/pl\/wp-json\/wp\/v2\/pages"}],"about":[{"href":"https:\/\/entre2rise.erasmus.site\/pl\/wp-json\/wp\/v2\/types\/page"}],"author":[{"embeddable":true,"href":"https:\/\/entre2rise.erasmus.site\/pl\/wp-json\/wp\/v2\/users\/1"}],"replies":[{"embeddable":true,"href":"https:\/\/entre2rise.erasmus.site\/pl\/wp-json\/wp\/v2\/comments?post=61"}],"version-history":[{"count":8,"href":"https:\/\/entre2rise.erasmus.site\/pl\/wp-json\/wp\/v2\/pages\/61\/revisions"}],"predecessor-version":[{"id":232,"href":"https:\/\/entre2rise.erasmus.site\/pl\/wp-json\/wp\/v2\/pages\/61\/revisions\/232"}],"wp:attachment":[{"href":"https:\/\/entre2rise.erasmus.site\/pl\/wp-json\/wp\/v2\/media?parent=61"}],"curies":[{"name":"wp","href":"https:\/\/api.w.org\/{rel}","templated":true}]}}