{"id":61,"date":"2025-12-30T12:34:52","date_gmt":"2025-12-30T12:34:52","guid":{"rendered":"https:\/\/entre2rise.erasmus.site\/?page_id=61"},"modified":"2026-03-20T14:49:23","modified_gmt":"2026-03-20T14:49:23","slug":"partnership","status":"publish","type":"page","link":"https:\/\/entre2rise.erasmus.site\/dk\/partnership\/","title":{"rendered":"Partnerskab"},"content":{"rendered":"<p><img fetchpriority=\"high\" decoding=\"async\" class=\"size-full wp-image-42 aligncenter\" src=\"https:\/\/entre2rise.erasmus.site\/wp-content\/uploads\/2025\/12\/wysoka-skola.webp\" alt=\"\" width=\"300\" height=\"300\" srcset=\"https:\/\/entre2rise.erasmus.site\/wp-content\/uploads\/2025\/12\/wysoka-skola.webp 300w, https:\/\/entre2rise.erasmus.site\/wp-content\/uploads\/2025\/12\/wysoka-skola-150x150.webp 150w, https:\/\/entre2rise.erasmus.site\/wp-content\/uploads\/2025\/12\/wysoka-skola-24x24.webp 24w, https:\/\/entre2rise.erasmus.site\/wp-content\/uploads\/2025\/12\/wysoka-skola-36x36.webp 36w, https:\/\/entre2rise.erasmus.site\/wp-content\/uploads\/2025\/12\/wysoka-skola-48x48.webp 48w\" sizes=\"(max-width: 300px) 100vw, 300px\" \/><\/p>\n<p style=\"text-align: center;\">Projektkoordinator<\/p>\n<h3 style=\"text-align: center;\">VYSOKA SKOLA TECHNICKA A EKONOMICKA V CESKYCH BUDEJOVICICH \u2013 Czechia<\/h3>\n<p>VSTE er et professionelt orienteret offentligt universitet, der prim\u00e6rt fokuserer p\u00e5 uddannelse i \u00f8konomiske og tekniske studieprogrammer og forskningsaktiviteter med stort potentiale for praktisk implementering. Forskningsresultater integreres systematisk i uddannelsesprocesser, hvilket sikrer direkte overf\u00f8rsel af viden og innovation til praksis. VSTE leverer ogs\u00e5 en omfattende portef\u00f8lje af livslange l\u00e6ringsmuligheder, herunder erhvervs- og erhvervsuddannelsesprogrammer, der er designet til at im\u00f8dekomme de specifikke behov hos m\u00e5lgrupper og industrier. Den tilbyder virksomhedstilpasset tr\u00e6ning, professionelle kvalifikationskurser akkrediteret i National Qualifications System og omskolingsprogrammer, der im\u00f8dekommer nye krav p\u00e5 arbejdsmarkedet. Derudover st\u00f8tter VSTE samfundsengagement gennem specialiserede faciliteter og initiativer som den bayersk-tjekkiske studenterinkubator til st\u00f8tte for opstartsaktiviteter i gr\u00e6nseomr\u00e5det, Karrierecentret, Barrierefrit Center og Universitetet for den Tredje Alder. Instituttet fremmer ogs\u00e5 studerendes trivsel og social inklusion gennem forskellige sportshold og fritidsaktiviteter.<\/p>\n<hr \/>\n<p><img decoding=\"async\" class=\"wp-image-43 size-full aligncenter\" src=\"https:\/\/entre2rise.erasmus.site\/wp-content\/uploads\/2025\/12\/itsalvus.webp\" alt=\"\" width=\"300\" height=\"300\" srcset=\"https:\/\/entre2rise.erasmus.site\/wp-content\/uploads\/2025\/12\/itsalvus.webp 300w, https:\/\/entre2rise.erasmus.site\/wp-content\/uploads\/2025\/12\/itsalvus-150x150.webp 150w, https:\/\/entre2rise.erasmus.site\/wp-content\/uploads\/2025\/12\/itsalvus-24x24.webp 24w, https:\/\/entre2rise.erasmus.site\/wp-content\/uploads\/2025\/12\/itsalvus-36x36.webp 36w, https:\/\/entre2rise.erasmus.site\/wp-content\/uploads\/2025\/12\/itsalvus-48x48.webp 48w\" sizes=\"(max-width: 300px) 100vw, 300px\" \/><\/p>\n<h3 style=\"text-align: center;\">IT Salvus \u0141UKASZ K\u0141APA &#8211; Polen<\/h3>\n<p>IT Salvus LUKASZ KLAPA er en veletableret SMV, der har v\u00e6ret aktiv siden 2010 inden for IT, nye teknologier og kunstig intelligens. Virksomheden begyndte med at udvide netv\u00e6rksadgangen i Podkarpacie-regionen gennem udvikling af MAN- og WAN-netv\u00e6rk, fiberoptik og IPTV-tjenester. Med tiden skiftede det mod at skabe skr\u00e6ddersyede digitale l\u00f8sninger, der underst\u00f8tter forretningsv\u00e6kst og forbedrer effektiviteten med intelligente v\u00e6rkt\u00f8jer. I dag designer, bygger og vedligeholder IT Salvus systemer fra simple applikationer til komplekse flerlagsplatforme med AI-underst\u00f8ttelse. Det tilbyder ekspertise inden for web- og mobilapplikationer, hostingl\u00f8sninger, datasikkerhed i datacentre og h\u00f8j tilg\u00e6ngelighedsinfrastruktur med avanceret overv\u00e5gning og optimering. Virksomheden bruger moderne platforme som Flutter, TensorFlow, Laravel, Laminas og Symfony. IT Salvus samarbejder med en bred vifte af organisationer og forts\u00e6tter med at tilpasse sig nye digitale tendenser for at levere effektive og fremsynede l\u00f8sninger.<\/p>\n<hr \/>\n<p><img decoding=\"async\" class=\"wp-image-44 size-full aligncenter\" src=\"https:\/\/entre2rise.erasmus.site\/wp-content\/uploads\/2025\/12\/dias.webp\" alt=\"\" width=\"300\" height=\"300\" srcset=\"https:\/\/entre2rise.erasmus.site\/wp-content\/uploads\/2025\/12\/dias.webp 300w, https:\/\/entre2rise.erasmus.site\/wp-content\/uploads\/2025\/12\/dias-150x150.webp 150w, https:\/\/entre2rise.erasmus.site\/wp-content\/uploads\/2025\/12\/dias-24x24.webp 24w, https:\/\/entre2rise.erasmus.site\/wp-content\/uploads\/2025\/12\/dias-36x36.webp 36w, https:\/\/entre2rise.erasmus.site\/wp-content\/uploads\/2025\/12\/dias-48x48.webp 48w\" sizes=\"(max-width: 300px) 100vw, 300px\" \/><\/p>\n<h3 style=\"text-align: center;\">KENTRO EPAGELMATIKIS KATARTISIS DIAS EPE &#8211; Gr\u00e6kenland<\/h3>\n<p>DIAS VET er et certificeret erhvervsuddannelses- og tr\u00e6ningscenter med base i Gr\u00e6kenland, der er engageret i at fremme livslang l\u00e6ring, faglig udvikling og innovation inden for uddannelse. Med omfattende erfaring fra EU-finansierede projekter designer og implementerer DIAS VET tr\u00e6ningsprogrammer, der im\u00f8dekommer nye arbejdsmarkedsbehov, fremmer iv\u00e6rks\u00e6tteri og styrker digitale og bl\u00f8de f\u00e6rdigheder blandt studerende og professionelle. Organisationen samarbejder med offentlige organer, uddannelsesinstitutioner og virksomheder for at skabe inkluderende l\u00e6ringsveje og b\u00e6redygtige karrieremuligheder. Gennem sin dynamiske tilgang og europ\u00e6iske partnerskaber bidrager DIAS VET til at bygge bro mellem uddannelse, innovation og besk\u00e6ftigelsesmuligheder og giver enkeltpersoner mulighed for at trives i et samfunds\u00f8konomisk landskab i forandring.<\/p>\n<hr \/>\n<p><img loading=\"lazy\" decoding=\"async\" class=\"wp-image-48 size-full aligncenter\" src=\"https:\/\/entre2rise.erasmus.site\/wp-content\/uploads\/2025\/12\/responsiblesociety.webp\" alt=\"\" width=\"300\" height=\"300\" srcset=\"https:\/\/entre2rise.erasmus.site\/wp-content\/uploads\/2025\/12\/responsiblesociety.webp 300w, https:\/\/entre2rise.erasmus.site\/wp-content\/uploads\/2025\/12\/responsiblesociety-150x150.webp 150w, https:\/\/entre2rise.erasmus.site\/wp-content\/uploads\/2025\/12\/responsiblesociety-24x24.webp 24w, https:\/\/entre2rise.erasmus.site\/wp-content\/uploads\/2025\/12\/responsiblesociety-36x36.webp 36w, https:\/\/entre2rise.erasmus.site\/wp-content\/uploads\/2025\/12\/responsiblesociety-48x48.webp 48w\" sizes=\"(max-width: 300px) 100vw, 300px\" \/><\/p>\n<h3 style=\"text-align: center;\">Odpov\u011bdn\u00e1 spole\u010dnost, z. \u2013 Czechia<\/h3>\n<p>Ansvarligt Samfund (Odpov\u011bdn\u00e1 spole\u010dnost, z. s.) er en non-profit organisation dedikeret til at fremme en ansvarlig tilgang p\u00e5 alle niveauer af det sociale liv, is\u00e6r inden for uddannelse, offentlig politik, iv\u00e6rks\u00e6tteri og videnskab. Vi mener, at ansvarlige akt\u00f8rer er dem, der bevidst reagerer i stedet for blot at reagere \u2014 som forst\u00e5r deres rolle, reflekterer over konsekvenserne af deres valg og engagerer sig i meningsfuld handling Gennem anvendt forskning, uddannelsesprogrammer og samarbejdsinitiativer underst\u00f8tter vi evidensbaseret beslutningstagning, systemt\u00e6nkning og \u00e5ben dialog. Vi samarbejder med skoler, universiteter, virksomheder, regeringer og civilsamfundet for at fremme innovation, digital kompetence, b\u00e6redygtighed og aktivt medborgerskab. Ved at n\u00e6re bevidsthed, empati, kritisk refleksion og systemisk forst\u00e5else \u00f8nsker vi at forme et samfund, hvor enkeltpersoner og organisationer handler ansvarligt \u2014 fuldt bevidste om konsekvenserne af deres handlinger, den bredere kontekst, de opererer i, og mulighederne for positiv forandring.<\/p>\n<hr \/>\n<p><img loading=\"lazy\" decoding=\"async\" class=\"wp-image-52 size-full aligncenter\" src=\"https:\/\/entre2rise.erasmus.site\/wp-content\/uploads\/2025\/12\/csr.webp\" alt=\"\" width=\"300\" height=\"300\" srcset=\"https:\/\/entre2rise.erasmus.site\/wp-content\/uploads\/2025\/12\/csr.webp 300w, https:\/\/entre2rise.erasmus.site\/wp-content\/uploads\/2025\/12\/csr-150x150.webp 150w, https:\/\/entre2rise.erasmus.site\/wp-content\/uploads\/2025\/12\/csr-24x24.webp 24w, https:\/\/entre2rise.erasmus.site\/wp-content\/uploads\/2025\/12\/csr-36x36.webp 36w, https:\/\/entre2rise.erasmus.site\/wp-content\/uploads\/2025\/12\/csr-48x48.webp 48w\" sizes=\"(max-width: 300px) 100vw, 300px\" \/><\/p>\n<h3 style=\"text-align: center;\">CSR Innovative Solutions APS &#8211; Danmark<\/h3>\n<p>CSR Innovative Solutions ApS, med base i Danmark og Norge, bringer en unik ekspertise til ENTRE2RISE \u2013 ved at forene virksomheders samfundsansvar (CSR), ESG-strategier og iv\u00e6rks\u00e6ttertrivsel. Som et konsulentfirma, der br\u00e6nder for social p\u00e5virkning, specialiserer vi os i at udvikle inkluderende, b\u00e6redygtige og menneskecentrerede forretningsstrategier. Gennem vores arbejde st\u00f8tter vi Iv\u00e6rks\u00e6ttere og virksomheder i at h\u00e5ndtere stress, fremme f\u00f8lelsesm\u00e6ssig intelligens og opbygge modstandsdygtigt lederskab \u2013 n\u00f8glem\u00e5l for ENTRE2RISE. Med st\u00e6rke digitale kapaciteter inden for dataoverv\u00e5gning, effektrapportering og tr\u00e6ningslevering er vi her for at sikre b\u00e6redygtighed og tilg\u00e6ngelighed af projektresultater. Sammen med vores partnere er vi stolte af at v\u00e6re med til at forme en sundere og mere modstandsdygtig fremtid for Europas iv\u00e6rks\u00e6ttere.<\/p>\n<p>&nbsp;<\/p>\n<hr \/>\n<p><img loading=\"lazy\" decoding=\"async\" class=\"wp-image-57 size-full aligncenter\" src=\"https:\/\/entre2rise.erasmus.site\/wp-content\/uploads\/2025\/12\/champions-factory.webp\" alt=\"\" width=\"300\" height=\"300\" srcset=\"https:\/\/entre2rise.erasmus.site\/wp-content\/uploads\/2025\/12\/champions-factory.webp 300w, https:\/\/entre2rise.erasmus.site\/wp-content\/uploads\/2025\/12\/champions-factory-150x150.webp 150w, https:\/\/entre2rise.erasmus.site\/wp-content\/uploads\/2025\/12\/champions-factory-24x24.webp 24w, https:\/\/entre2rise.erasmus.site\/wp-content\/uploads\/2025\/12\/champions-factory-36x36.webp 36w, https:\/\/entre2rise.erasmus.site\/wp-content\/uploads\/2025\/12\/champions-factory-48x48.webp 48w\" sizes=\"(max-width: 300px) 100vw, 300px\" \/><\/p>\n<h3 style=\"text-align: center;\">Champions Factory \u2013 Bulgarien<\/h3>\n<p>Champions Factory er en global nonprofitorganisation dedikeret til at frig\u00f8re menneskets potentiale gennem uddannelse, iv\u00e6rks\u00e6tteri og sportsudvikling. Med troen p\u00e5, at alle kan v\u00e6re fork\u00e6mpere, giver det individer den indstilling og de f\u00e6rdigheder, der skal til for at skabe meningsfuld forandring. Med st\u00e6rk ekspertise inden for iv\u00e6rks\u00e6tteruddannelse, lederudvikling og kapacitetsopbygning skaber Champions Factory erfaringsbaserede l\u00e6ringsprogrammer, der fremmer innovation, kreativitet og inklusion. Dens holistiske tilgang ruster deltagerne til at oms\u00e6tte id\u00e9er til handling og udvikle b\u00e6redygtige l\u00f8sninger. Gennem sit internationale netv\u00e6rk og dokumenterede resultater deltager Champions Factory i Entre2Rise, hvor det fremmer social innovation, ungdomsstyrkelse og iv\u00e6rks\u00e6tterv\u00e6kst, samtidig med at det n\u00e6rer n\u00e6ste generation af globale forandringsskabere.<\/p>","protected":false},"excerpt":{"rendered":"<p>Projektkoordinator VYSOKA SKOLA TECHNICKA A EKONOMICKA V CESKYCH BUDEJOVICICH \u2013 Czechia VSTE er et professionelt orienteret offentligt universitet, der prim\u00e6rt fokuserer p\u00e5 uddannelse i \u00f8konomiske og tekniske studieprogrammer og forskningsaktiviteter med stort potentiale for praktisk implementering. Forskningsresultater integreres systematisk i uddannelsesprocesser, hvilket sikrer direkte overf\u00f8rsel af viden og innovation til praksis. VSTE leverer ogs\u00e5 en&hellip;&nbsp;<\/p>\n","protected":false},"author":1,"featured_media":0,"parent":0,"menu_order":0,"comment_status":"closed","ping_status":"closed","template":"","meta":{"neve_meta_sidebar":"","neve_meta_container":"","neve_meta_enable_content_width":"off","neve_meta_content_width":100,"neve_meta_title_alignment":"","neve_meta_author_avatar":"","neve_post_elements_order":"","neve_meta_disable_header":"","neve_meta_disable_footer":"","neve_meta_disable_title":"","footnotes":""},"class_list":["post-61","page","type-page","status-publish","hentry"],"_links":{"self":[{"href":"https:\/\/entre2rise.erasmus.site\/dk\/wp-json\/wp\/v2\/pages\/61","targetHints":{"allow":["GET"]}}],"collection":[{"href":"https:\/\/entre2rise.erasmus.site\/dk\/wp-json\/wp\/v2\/pages"}],"about":[{"href":"https:\/\/entre2rise.erasmus.site\/dk\/wp-json\/wp\/v2\/types\/page"}],"author":[{"embeddable":true,"href":"https:\/\/entre2rise.erasmus.site\/dk\/wp-json\/wp\/v2\/users\/1"}],"replies":[{"embeddable":true,"href":"https:\/\/entre2rise.erasmus.site\/dk\/wp-json\/wp\/v2\/comments?post=61"}],"version-history":[{"count":8,"href":"https:\/\/entre2rise.erasmus.site\/dk\/wp-json\/wp\/v2\/pages\/61\/revisions"}],"predecessor-version":[{"id":232,"href":"https:\/\/entre2rise.erasmus.site\/dk\/wp-json\/wp\/v2\/pages\/61\/revisions\/232"}],"wp:attachment":[{"href":"https:\/\/entre2rise.erasmus.site\/dk\/wp-json\/wp\/v2\/media?parent=61"}],"curies":[{"name":"wp","href":"https:\/\/api.w.org\/{rel}","templated":true}]}}