{"id":10,"date":"2025-12-15T11:05:25","date_gmt":"2025-12-15T11:05:25","guid":{"rendered":"https:\/\/entre2rise.erasmus.site\/?page_id=10"},"modified":"2026-01-14T09:42:50","modified_gmt":"2026-01-14T09:42:50","slug":"home","status":"publish","type":"page","link":"https:\/\/entre2rise.erasmus.site\/dk\/","title":{"rendered":"Home"},"content":{"rendered":"\t\t<div data-elementor-type=\"wp-page\" data-elementor-id=\"10\" class=\"elementor elementor-10\">\n\t\t\t\t<div class=\"elementor-element elementor-element-9bd22f6 e-flex e-con-boxed e-con e-parent\" data-id=\"9bd22f6\" data-element_type=\"container\" data-e-type=\"container\" data-settings=\"{&quot;background_background&quot;:&quot;classic&quot;}\">\n\t\t\t\t\t<div class=\"e-con-inner\">\n\t\t<div class=\"elementor-element elementor-element-cce6161 e-con-full e-flex e-con e-child\" data-id=\"cce6161\" data-element_type=\"container\" data-e-type=\"container\" data-settings=\"{&quot;background_background&quot;:&quot;classic&quot;}\">\n\t\t\t\t<div class=\"elementor-element elementor-element-2d4dc78 elementor-widget elementor-widget-heading\" data-id=\"2d4dc78\" data-element_type=\"widget\" data-e-type=\"widget\" data-widget_type=\"heading.default\">\n\t\t\t\t\t<h1 class=\"elementor-heading-title elementor-size-default\">ENTRE2RISE - Fra stress til succes til fremgang: Styrkelse Iv\u00e6rks\u00e6ttermental sundhed for en st\u00e6rkere fremtid<\/h1>\t\t\t\t<\/div>\n\t\t\t\t<div class=\"elementor-element elementor-element-00c8321 elementor-widget elementor-widget-text-editor\" data-id=\"00c8321\" data-element_type=\"widget\" data-e-type=\"widget\" data-widget_type=\"text-editor.default\">\n\t\t\t\t\t\t\t\t\t<p style=\"text-align: center;\">Felt: Erhvervsuddannelse og tr\u00e6ning<br \/>Projektnummer: 2025-1-CZ01-KA220-VET-000358582<br \/>Projektvarighed: 01.10.2025 &#8211; 30.09.2027<\/p>\t\t\t\t\t\t\t\t<\/div>\n\t\t\t\t<\/div>\n\t\t\t\t\t<\/div>\n\t\t\t\t<\/div>\n\t\t<div class=\"elementor-element elementor-element-4cd59c0 e-flex e-con-boxed e-con e-parent\" data-id=\"4cd59c0\" data-element_type=\"container\" data-e-type=\"container\">\n\t\t\t\t\t<div class=\"e-con-inner\">\n\t\t<div class=\"elementor-element elementor-element-954e3c1 e-con-full e-flex e-con e-child\" data-id=\"954e3c1\" data-element_type=\"container\" data-e-type=\"container\">\n\t\t\t\t<div class=\"elementor-element elementor-element-733108c elementor-widget elementor-widget-menu-anchor\" data-id=\"733108c\" data-element_type=\"widget\" data-e-type=\"widget\" data-widget_type=\"menu-anchor.default\">\n\t\t\t\t\t\t\t<div class=\"elementor-menu-anchor\" id=\"about\"><\/div>\n\t\t\t\t\t\t<\/div>\n\t\t\t\t<div class=\"elementor-element elementor-element-4891cbf elementor-widget elementor-widget-heading\" data-id=\"4891cbf\" data-element_type=\"widget\" data-e-type=\"widget\" data-widget_type=\"heading.default\">\n\t\t\t\t\t<h2 class=\"elementor-heading-title elementor-size-default\">Om projektet<\/h2>\t\t\t\t<\/div>\n\t\t\t\t<div class=\"elementor-element elementor-element-b1775ec elementor-widget elementor-widget-text-editor\" data-id=\"b1775ec\" data-element_type=\"widget\" data-e-type=\"widget\" data-widget_type=\"text-editor.default\">\n\t\t\t\t\t\t\t\t\t<p>Form\u00e5let med ENTRE2RISE-projektet er at styrke iv\u00e6rks\u00e6tteres trivsel ved at fremme bevidsthed om og st\u00f8tte mental sundhed inden for erhvervsuddannelse. Det introducerer innovative og tilg\u00e6ngelige l\u00e6ringsmetoder, der hj\u00e6lper iv\u00e6rks\u00e6ttere med at forst\u00e5 stress, udvikle modstandsdygtighed og h\u00e5ndtere de f\u00f8lelsesm\u00e6ssige krav ved at drive en virksomhed mere effektivt.<\/p>\t\t\t\t\t\t\t\t<\/div>\n\t\t\t\t<\/div>\n\t\t<div class=\"elementor-element elementor-element-4cb1046 e-con-full e-flex e-con e-child\" data-id=\"4cb1046\" data-element_type=\"container\" data-e-type=\"container\">\n\t\t\t\t<div class=\"elementor-element elementor-element-8448128 elementor-widget elementor-widget-image\" data-id=\"8448128\" data-element_type=\"widget\" data-e-type=\"widget\" data-widget_type=\"image.default\">\n\t\t\t\t\t\t\t\t\t\t\t\t\t\t\t<img fetchpriority=\"high\" decoding=\"async\" width=\"1024\" height=\"512\" src=\"https:\/\/entre2rise.erasmus.site\/wp-content\/uploads\/2026\/01\/bcd33dff-a6cc-4453-84a7-0fe3bfbb77bc-scaled-1024x512.webp\" class=\"attachment-large size-large wp-image-209\" alt=\"\" srcset=\"https:\/\/entre2rise.erasmus.site\/wp-content\/uploads\/2026\/01\/bcd33dff-a6cc-4453-84a7-0fe3bfbb77bc-scaled-1024x512.webp 1024w, https:\/\/entre2rise.erasmus.site\/wp-content\/uploads\/2026\/01\/bcd33dff-a6cc-4453-84a7-0fe3bfbb77bc-scaled-300x150.webp 300w, https:\/\/entre2rise.erasmus.site\/wp-content\/uploads\/2026\/01\/bcd33dff-a6cc-4453-84a7-0fe3bfbb77bc-scaled-768x384.webp 768w, https:\/\/entre2rise.erasmus.site\/wp-content\/uploads\/2026\/01\/bcd33dff-a6cc-4453-84a7-0fe3bfbb77bc-scaled-1536x768.webp 1536w, https:\/\/entre2rise.erasmus.site\/wp-content\/uploads\/2026\/01\/bcd33dff-a6cc-4453-84a7-0fe3bfbb77bc-scaled-2048x1024.webp 2048w, https:\/\/entre2rise.erasmus.site\/wp-content\/uploads\/2026\/01\/bcd33dff-a6cc-4453-84a7-0fe3bfbb77bc-scaled-24x12.webp 24w, https:\/\/entre2rise.erasmus.site\/wp-content\/uploads\/2026\/01\/bcd33dff-a6cc-4453-84a7-0fe3bfbb77bc-scaled-36x18.webp 36w, https:\/\/entre2rise.erasmus.site\/wp-content\/uploads\/2026\/01\/bcd33dff-a6cc-4453-84a7-0fe3bfbb77bc-scaled-48x24.webp 48w\" sizes=\"(max-width: 1024px) 100vw, 1024px\" \/>\t\t\t\t\t\t\t\t\t\t\t\t\t\t\t<\/div>\n\t\t\t\t<\/div>\n\t\t\t\t\t<\/div>\n\t\t\t\t<\/div>\n\t\t<div class=\"elementor-element elementor-element-305921c e-flex e-con-boxed e-con e-parent\" data-id=\"305921c\" data-element_type=\"container\" data-e-type=\"container\">\n\t\t\t\t\t<div class=\"e-con-inner\">\n\t\t\t\t<div class=\"elementor-element elementor-element-652ec87 elementor-widget elementor-widget-menu-anchor\" data-id=\"652ec87\" data-element_type=\"widget\" data-e-type=\"widget\" data-widget_type=\"menu-anchor.default\">\n\t\t\t\t\t\t\t<div class=\"elementor-menu-anchor\" id=\"results\"><\/div>\n\t\t\t\t\t\t<\/div>\n\t\t\t\t<div class=\"elementor-element elementor-element-b79c64f elementor-widget elementor-widget-heading\" data-id=\"b79c64f\" data-element_type=\"widget\" data-e-type=\"widget\" data-widget_type=\"heading.default\">\n\t\t\t\t\t<h2 class=\"elementor-heading-title elementor-size-default\">Projektresultater<\/h2>\t\t\t\t<\/div>\n\t\t\t\t<div class=\"elementor-element elementor-element-968efa3 e-n-tabs-mobile elementor-widget elementor-widget-n-tabs\" data-id=\"968efa3\" data-element_type=\"widget\" data-e-type=\"widget\" data-widget_type=\"nested-tabs.default\">\n\t\t\t\t\t\t\t<div class=\"e-n-tabs\" data-widget-number=\"157872035\" aria-label=\"Tabs. Open items with Enter or Space, close with Escape and navigate using the Arrow keys.\">\n\t\t\t<div class=\"e-n-tabs-heading\" role=\"tablist\">\n\t\t\t\t\t<button id=\"e-n-tab-title-1578720351\" data-tab-title-id=\"e-n-tab-title-1578720351\" class=\"e-n-tab-title\" aria-selected=\"true\" data-tab-index=\"1\" role=\"tab\" tabindex=\"0\" aria-controls=\"e-n-tab-content-1578720351\" style=\"--n-tabs-title-order: 1;\">\n\t\t\t\t\t\t<span class=\"e-n-tab-title-text\">\n\t\t\t\tFra stress til succes: Kortl\u00e6gning af iv\u00e6rks\u00e6tteres mentale sundhedsrejse\t\t\t<\/span>\n\t\t<\/button>\n\t\t\t\t<button id=\"e-n-tab-title-1578720352\" data-tab-title-id=\"e-n-tab-title-1578720352\" class=\"e-n-tab-title\" aria-selected=\"false\" data-tab-index=\"2\" role=\"tab\" tabindex=\"-1\" aria-controls=\"e-n-tab-content-1578720352\" style=\"--n-tabs-title-order: 2;\">\n\t\t\t\t\t\t<span class=\"e-n-tab-title-text\">\n\t\t\t\tAI EmpowerLearn-platform og ressourcer til mental sundhedsst\u00f8tte\t\t\t<\/span>\n\t\t<\/button>\n\t\t\t\t\t<\/div>\n\t\t\t<div class=\"e-n-tabs-content\">\n\t\t\t\t<div id=\"e-n-tab-content-1578720351\" role=\"tabpanel\" aria-labelledby=\"e-n-tab-title-1578720351\" data-tab-index=\"1\" style=\"--n-tabs-title-order: 1;\" class=\"e-active elementor-element elementor-element-10b1509 e-con-full e-flex e-con e-child\" data-id=\"10b1509\" data-element_type=\"container\" data-e-type=\"container\">\n\t\t<div class=\"elementor-element elementor-element-202c74c e-flex e-con-boxed e-con e-child\" data-id=\"202c74c\" data-element_type=\"container\" data-e-type=\"container\">\n\t\t\t\t\t<div class=\"e-con-inner\">\n\t\t\t\t<div class=\"elementor-element elementor-element-e0c3ff9 elementor-widget elementor-widget-text-editor\" data-id=\"e0c3ff9\" data-element_type=\"widget\" data-e-type=\"widget\" data-widget_type=\"text-editor.default\">\n\t\t\t\t\t\t\t\t\t<p>Fra stress til succes: Kortl\u00e6gning af iv\u00e6rks\u00e6tteres mentale sundhedsrejse<\/p><p>En tv\u00e6rnational forskningsunders\u00f8gelse, der identificerer de vigtigste stressfaktorer, angstudl\u00f8sere, mestringsstrategier og st\u00f8ttehuller, der p\u00e5virker iv\u00e6rks\u00e6ttere. Ved hj\u00e6lp af sp\u00f8rgeskemaer, fokusgrupper og AI-drevet analyse skabte partnere et evidensgrundlag for design af digitale v\u00e6rkt\u00f8jer og erhvervsuddannelsesmaterialer.<\/p><p>N\u00f8glefunktioner:<\/p><ul><li>Forskningsrapport om iv\u00e6rks\u00e6ttermental sundhed<\/li><li>Indsigt i stressp\u00e5virkning og modstandsdygtighedsfaktorer<\/li><li>Anbefalinger til integration af mental sundhed i erhvervsuddannelse<\/li><\/ul><p><\/p>\t\t\t\t\t\t\t\t<\/div>\n\t\t\t\t\t<\/div>\n\t\t\t\t<\/div>\n\t\t\t\t<\/div>\n\t\t<div id=\"e-n-tab-content-1578720352\" role=\"tabpanel\" aria-labelledby=\"e-n-tab-title-1578720352\" data-tab-index=\"2\" style=\"--n-tabs-title-order: 2;\" class=\" elementor-element elementor-element-4c587ca e-con-full e-flex e-con e-child\" data-id=\"4c587ca\" data-element_type=\"container\" data-e-type=\"container\">\n\t\t<div class=\"elementor-element elementor-element-94ef3fd e-flex e-con-boxed e-con e-child\" data-id=\"94ef3fd\" data-element_type=\"container\" data-e-type=\"container\">\n\t\t\t\t\t<div class=\"e-con-inner\">\n\t\t\t\t<div class=\"elementor-element elementor-element-3e2632f elementor-widget elementor-widget-text-editor\" data-id=\"3e2632f\" data-element_type=\"widget\" data-e-type=\"widget\" data-widget_type=\"text-editor.default\">\n\t\t\t\t\t\t\t\t\t<p>En digital AI EmpowerLearn-platform, der leverer v\u00e6rkt\u00f8jer til stressh\u00e5ndtering og trivsel, tr\u00e6ningsmaterialer til erhvervsuddannelsesundervisere og ressourcer til at opbygge modstandsdygtighed og forbedre beslutningstagningsevner blandt iv\u00e6rks\u00e6ttere.<\/p><p>N\u00f8glefunktioner:<\/p><ul><li>AI EmpowerLearn-platform<\/li><li>AI Chatbot<\/li><li>Online Angst Insight Navigator (selvevalueringsv\u00e6rkt\u00f8j)<\/li><li>H\u00e5ndbog i iv\u00e6rks\u00e6ttermental sundhed<\/li><li>Ramme for erhvervsuddannelsestr\u00e6nere<\/li><li>H\u00e5ndbog i succeshistorier<\/li><li>Endelig effektrapport og politiske anbefalinger<\/li><\/ul><p><\/p>\t\t\t\t\t\t\t\t<\/div>\n\t\t\t\t\t<\/div>\n\t\t\t\t<\/div>\n\t\t\t\t<\/div>\n\t\t\t\t\t<\/div>\n\t\t<\/div>\n\t\t\t\t\t\t<\/div>\n\t\t\t\t\t<\/div>\n\t\t\t\t<\/div>\n\t\t<div class=\"elementor-element elementor-element-3fcba7b e-flex e-con-boxed e-con e-parent\" data-id=\"3fcba7b\" data-element_type=\"container\" data-e-type=\"container\">\n\t\t\t\t\t<div class=\"e-con-inner\">\n\t\t\t\t<div class=\"elementor-element elementor-element-d1a5c44 elementor-widget elementor-widget-heading\" data-id=\"d1a5c44\" data-element_type=\"widget\" data-e-type=\"widget\" data-widget_type=\"heading.default\">\n\t\t\t\t\t<h2 class=\"elementor-heading-title elementor-size-default\">Partnerskab<\/h2>\t\t\t\t<\/div>\n\t\t\t\t<div class=\"elementor-element elementor-element-36951f5 elementor-arrows-position-inside elementor-pagination-position-outside elementor-widget elementor-widget-image-carousel\" data-id=\"36951f5\" data-element_type=\"widget\" data-e-type=\"widget\" data-settings=\"{&quot;navigation&quot;:&quot;both&quot;,&quot;autoplay&quot;:&quot;yes&quot;,&quot;pause_on_hover&quot;:&quot;yes&quot;,&quot;pause_on_interaction&quot;:&quot;yes&quot;,&quot;autoplay_speed&quot;:5000,&quot;infinite&quot;:&quot;yes&quot;,&quot;speed&quot;:500}\" data-widget_type=\"image-carousel.default\">\n\t\t\t\t\t\t\t<div class=\"elementor-image-carousel-wrapper swiper\" role=\"region\" aria-roledescription=\"carousel\" aria-label=\"partnership\" dir=\"ltr\">\n\t\t\t<div class=\"elementor-image-carousel swiper-wrapper\" aria-live=\"off\">\n\t\t\t\t\t\t\t\t<div class=\"swiper-slide\" role=\"group\" aria-roledescription=\"slide\" aria-label=\"1 of 6\"><a data-elementor-open-lightbox=\"yes\" data-elementor-lightbox-slideshow=\"36951f5\" data-elementor-lightbox-title=\"wysoka skola\" data-e-action-hash=\"#elementor-action%3Aaction%3Dlightbox%26settings%3DeyJpZCI6NDIsInVybCI6Imh0dHBzOlwvXC9lbnRyZTJyaXNlLmVyYXNtdXMuc2l0ZVwvd3AtY29udGVudFwvdXBsb2Fkc1wvMjAyNVwvMTJcL3d5c29rYS1za29sYS53ZWJwIiwic2xpZGVzaG93IjoiMzY5NTFmNSJ9\" href=\"https:\/\/entre2rise.erasmus.site\/partnership\/\" target=\"_blank\"><figure class=\"swiper-slide-inner\"><img decoding=\"async\" class=\"swiper-slide-image\" src=\"https:\/\/entre2rise.erasmus.site\/wp-content\/uploads\/2025\/12\/wysoka-skola.webp\" alt=\"wysoka skola\" \/><\/figure><\/a><\/div><div class=\"swiper-slide\" role=\"group\" aria-roledescription=\"slide\" aria-label=\"2 of 6\"><a data-elementor-open-lightbox=\"yes\" data-elementor-lightbox-slideshow=\"36951f5\" data-elementor-lightbox-title=\"itsalvus\" data-e-action-hash=\"#elementor-action%3Aaction%3Dlightbox%26settings%3DeyJpZCI6NDMsInVybCI6Imh0dHBzOlwvXC9lbnRyZTJyaXNlLmVyYXNtdXMuc2l0ZVwvd3AtY29udGVudFwvdXBsb2Fkc1wvMjAyNVwvMTJcL2l0c2FsdnVzLndlYnAiLCJzbGlkZXNob3ciOiIzNjk1MWY1In0%3D\" href=\"https:\/\/entre2rise.erasmus.site\/partnership\/\" target=\"_blank\"><figure class=\"swiper-slide-inner\"><img decoding=\"async\" class=\"swiper-slide-image\" src=\"https:\/\/entre2rise.erasmus.site\/wp-content\/uploads\/2025\/12\/itsalvus.webp\" alt=\"itsalvus\" \/><\/figure><\/a><\/div><div class=\"swiper-slide\" role=\"group\" aria-roledescription=\"slide\" aria-label=\"3 of 6\"><a data-elementor-open-lightbox=\"yes\" data-elementor-lightbox-slideshow=\"36951f5\" data-elementor-lightbox-title=\"dias\" data-e-action-hash=\"#elementor-action%3Aaction%3Dlightbox%26settings%3DeyJpZCI6NDQsInVybCI6Imh0dHBzOlwvXC9lbnRyZTJyaXNlLmVyYXNtdXMuc2l0ZVwvd3AtY29udGVudFwvdXBsb2Fkc1wvMjAyNVwvMTJcL2RpYXMud2VicCIsInNsaWRlc2hvdyI6IjM2OTUxZjUifQ%3D%3D\" href=\"https:\/\/entre2rise.erasmus.site\/partnership\/\" target=\"_blank\"><figure class=\"swiper-slide-inner\"><img decoding=\"async\" class=\"swiper-slide-image\" src=\"https:\/\/entre2rise.erasmus.site\/wp-content\/uploads\/2025\/12\/dias.webp\" alt=\"dias\" \/><\/figure><\/a><\/div><div class=\"swiper-slide\" role=\"group\" aria-roledescription=\"slide\" aria-label=\"4 of 6\"><a data-elementor-open-lightbox=\"yes\" data-elementor-lightbox-slideshow=\"36951f5\" data-elementor-lightbox-title=\"responsiblesociety\" data-e-action-hash=\"#elementor-action%3Aaction%3Dlightbox%26settings%3DeyJpZCI6NDgsInVybCI6Imh0dHBzOlwvXC9lbnRyZTJyaXNlLmVyYXNtdXMuc2l0ZVwvd3AtY29udGVudFwvdXBsb2Fkc1wvMjAyNVwvMTJcL3Jlc3BvbnNpYmxlc29jaWV0eS53ZWJwIiwic2xpZGVzaG93IjoiMzY5NTFmNSJ9\" href=\"https:\/\/entre2rise.erasmus.site\/partnership\/\" target=\"_blank\"><figure class=\"swiper-slide-inner\"><img decoding=\"async\" class=\"swiper-slide-image\" src=\"https:\/\/entre2rise.erasmus.site\/wp-content\/uploads\/2025\/12\/responsiblesociety.webp\" alt=\"responsiblesociety\" \/><\/figure><\/a><\/div><div class=\"swiper-slide\" role=\"group\" aria-roledescription=\"slide\" aria-label=\"5 of 6\"><a data-elementor-open-lightbox=\"yes\" data-elementor-lightbox-slideshow=\"36951f5\" data-elementor-lightbox-title=\"csr\" data-e-action-hash=\"#elementor-action%3Aaction%3Dlightbox%26settings%3DeyJpZCI6NTIsInVybCI6Imh0dHBzOlwvXC9lbnRyZTJyaXNlLmVyYXNtdXMuc2l0ZVwvd3AtY29udGVudFwvdXBsb2Fkc1wvMjAyNVwvMTJcL2Nzci53ZWJwIiwic2xpZGVzaG93IjoiMzY5NTFmNSJ9\" href=\"https:\/\/entre2rise.erasmus.site\/partnership\/\" target=\"_blank\"><figure class=\"swiper-slide-inner\"><img decoding=\"async\" class=\"swiper-slide-image\" src=\"https:\/\/entre2rise.erasmus.site\/wp-content\/uploads\/2025\/12\/csr.webp\" alt=\"csr\" \/><\/figure><\/a><\/div><div class=\"swiper-slide\" role=\"group\" aria-roledescription=\"slide\" aria-label=\"6 of 6\"><a data-elementor-open-lightbox=\"yes\" data-elementor-lightbox-slideshow=\"36951f5\" data-elementor-lightbox-title=\"champions factory\" data-e-action-hash=\"#elementor-action%3Aaction%3Dlightbox%26settings%3DeyJpZCI6NTcsInVybCI6Imh0dHBzOlwvXC9lbnRyZTJyaXNlLmVyYXNtdXMuc2l0ZVwvd3AtY29udGVudFwvdXBsb2Fkc1wvMjAyNVwvMTJcL2NoYW1waW9ucy1mYWN0b3J5LndlYnAiLCJzbGlkZXNob3ciOiIzNjk1MWY1In0%3D\" href=\"https:\/\/entre2rise.erasmus.site\/partnership\/\" target=\"_blank\"><figure class=\"swiper-slide-inner\"><img decoding=\"async\" class=\"swiper-slide-image\" src=\"https:\/\/entre2rise.erasmus.site\/wp-content\/uploads\/2025\/12\/champions-factory.webp\" alt=\"champions factory\" \/><\/figure><\/a><\/div>\t\t\t<\/div>\n\t\t\t\t\t\t\t\t\t\t\t\t<div class=\"elementor-swiper-button elementor-swiper-button-prev\" role=\"button\" tabindex=\"0\">\n\t\t\t\t\t\t<svg aria-hidden=\"true\" class=\"e-font-icon-svg e-eicon-chevron-left\" viewBox=\"0 0 1000 1000\" xmlns=\"http:\/\/www.w3.org\/2000\/svg\"><path d=\"M646 125C629 125 613 133 604 142L308 442C296 454 292 471 292 487 292 504 296 521 308 533L604 854C617 867 629 875 646 875 663 875 679 871 692 858 704 846 713 829 713 812 713 796 708 779 692 767L438 487 692 225C700 217 708 204 708 187 708 171 704 154 692 142 675 129 663 125 646 125Z\"><\/path><\/svg>\t\t\t\t\t<\/div>\n\t\t\t\t\t<div class=\"elementor-swiper-button elementor-swiper-button-next\" role=\"button\" tabindex=\"0\">\n\t\t\t\t\t\t<svg aria-hidden=\"true\" class=\"e-font-icon-svg e-eicon-chevron-right\" viewBox=\"0 0 1000 1000\" xmlns=\"http:\/\/www.w3.org\/2000\/svg\"><path d=\"M696 533C708 521 713 504 713 487 713 471 708 454 696 446L400 146C388 133 375 125 354 125 338 125 325 129 313 142 300 154 292 171 292 187 292 204 296 221 308 233L563 492 304 771C292 783 288 800 288 817 288 833 296 850 308 863 321 871 338 875 354 875 371 875 388 867 400 854L696 533Z\"><\/path><\/svg>\t\t\t\t\t<\/div>\n\t\t\t\t\n\t\t\t\t\t\t\t\t\t<div class=\"swiper-pagination\"><\/div>\n\t\t\t\t\t\t\t\t\t<\/div>\n\t\t\t\t\t\t<\/div>\n\t\t\t\t\t<\/div>\n\t\t\t\t<\/div>\n\t\t\t\t<\/div>\n\t\t","protected":false},"excerpt":{"rendered":"<p>ENTRE2RISE &#8211; Fra stress til succes til fremgang: Styrkelse Iv\u00e6rks\u00e6ttermental sundhed for en st\u00e6rkere fremtid Felt: Erhvervsuddannelse og tr\u00e6ningProjektnummer: 2025-1-CZ01-KA220-VET-000358582Projektvarighed: 01.10.2025 &#8211; 30.09.2027 Om projektet Form\u00e5let med ENTRE2RISE-projektet er at styrke iv\u00e6rks\u00e6tteres trivsel ved at fremme bevidsthed om og st\u00f8tte mental sundhed inden for erhvervsuddannelse. Det introducerer innovative og tilg\u00e6ngelige l\u00e6ringsmetoder, der hj\u00e6lper iv\u00e6rks\u00e6ttere med&hellip;&nbsp;<\/p>\n","protected":false},"author":1,"featured_media":0,"parent":0,"menu_order":0,"comment_status":"closed","ping_status":"closed","template":"page-templates\/template-pagebuilder-full-width.php","meta":{"neve_meta_sidebar":"","neve_meta_container":"","neve_meta_enable_content_width":"off","neve_meta_content_width":100,"neve_meta_title_alignment":"","neve_meta_author_avatar":"","neve_post_elements_order":"","neve_meta_disable_header":"","neve_meta_disable_footer":"","neve_meta_disable_title":"","footnotes":""},"class_list":["post-10","page","type-page","status-publish","hentry"],"_links":{"self":[{"href":"https:\/\/entre2rise.erasmus.site\/dk\/wp-json\/wp\/v2\/pages\/10","targetHints":{"allow":["GET"]}}],"collection":[{"href":"https:\/\/entre2rise.erasmus.site\/dk\/wp-json\/wp\/v2\/pages"}],"about":[{"href":"https:\/\/entre2rise.erasmus.site\/dk\/wp-json\/wp\/v2\/types\/page"}],"author":[{"embeddable":true,"href":"https:\/\/entre2rise.erasmus.site\/dk\/wp-json\/wp\/v2\/users\/1"}],"replies":[{"embeddable":true,"href":"https:\/\/entre2rise.erasmus.site\/dk\/wp-json\/wp\/v2\/comments?post=10"}],"version-history":[{"count":113,"href":"https:\/\/entre2rise.erasmus.site\/dk\/wp-json\/wp\/v2\/pages\/10\/revisions"}],"predecessor-version":[{"id":215,"href":"https:\/\/entre2rise.erasmus.site\/dk\/wp-json\/wp\/v2\/pages\/10\/revisions\/215"}],"wp:attachment":[{"href":"https:\/\/entre2rise.erasmus.site\/dk\/wp-json\/wp\/v2\/media?parent=10"}],"curies":[{"name":"wp","href":"https:\/\/api.w.org\/{rel}","templated":true}]}}