{"id":61,"date":"2025-12-30T12:34:52","date_gmt":"2025-12-30T12:34:52","guid":{"rendered":"https:\/\/entre2rise.erasmus.site\/?page_id=61"},"modified":"2026-03-20T14:49:23","modified_gmt":"2026-03-20T14:49:23","slug":"partnership","status":"publish","type":"page","link":"https:\/\/entre2rise.erasmus.site\/cs\/partnership\/","title":{"rendered":"Partnerstv\u00ed"},"content":{"rendered":"<p><img fetchpriority=\"high\" decoding=\"async\" class=\"size-full wp-image-42 aligncenter\" src=\"https:\/\/entre2rise.erasmus.site\/wp-content\/uploads\/2025\/12\/wysoka-skola.webp\" alt=\"\" width=\"300\" height=\"300\" srcset=\"https:\/\/entre2rise.erasmus.site\/wp-content\/uploads\/2025\/12\/wysoka-skola.webp 300w, https:\/\/entre2rise.erasmus.site\/wp-content\/uploads\/2025\/12\/wysoka-skola-150x150.webp 150w, https:\/\/entre2rise.erasmus.site\/wp-content\/uploads\/2025\/12\/wysoka-skola-24x24.webp 24w, https:\/\/entre2rise.erasmus.site\/wp-content\/uploads\/2025\/12\/wysoka-skola-36x36.webp 36w, https:\/\/entre2rise.erasmus.site\/wp-content\/uploads\/2025\/12\/wysoka-skola-48x48.webp 48w\" sizes=\"(max-width: 300px) 100vw, 300px\" \/><\/p>\n<p style=\"text-align: center;\">Koordin\u00e1tor projektu<\/p>\n<h3 style=\"text-align: center;\"><strong>VYSOK\u00c1 \u0160KOLA TECHNICK\u00c1 A EKONOMICK\u00c1 V \u010cESK\u00ddCH BUD\u011aJOVIC\u00cdCH \u2013 \u010cesk\u00e1 republika<\/strong><\/h3>\n<p>V\u0160TE je profesn\u011b orientovan\u00e1 ve\u0159ejn\u00e1 vysok\u00e1 \u0161kola zam\u011b\u0159en\u00e1 p\u0159edev\u0161\u00edm na vzd\u011bl\u00e1v\u00e1n\u00ed v ekonomick\u00fdch a technick\u00fdch studijn\u00edch programech a na v\u00fdzkumn\u00e9 aktivity s vysok\u00fdm potenci\u00e1lem praktick\u00e9ho vyu\u017eit\u00ed. V\u00fdstupy z v\u00fdzkumu jsou systematicky za\u010dle\u0148ov\u00e1ny do v\u00fdukov\u00fdch proces\u016f, co\u017e zaji\u0161\u0165uje p\u0159\u00edm\u00fd p\u0159enos znalost\u00ed a inovac\u00ed do praxe.\u00a0\u00a0\u00a0\u00a0\u00a0\u00a0\u00a0\u00a0\u00a0\u00a0\u00a0\u00a0\u00a0\u00a0\u00a0\u00a0\u00a0\u00a0\u00a0\u00a0\u00a0\u00a0\u00a0\u00a0\u00a0\u00a0\u00a0\u00a0\u00a0\u00a0\u00a0\u00a0\u00a0\u00a0\u00a0\u00a0\u00a0 V\u0160TE d\u00e1le nab\u00edz\u00ed \u0161irokou \u0161k\u00e1lu p\u0159\u00edle\u017eitost\u00ed k celo\u017eivotn\u00edmu vzd\u011bl\u00e1v\u00e1n\u00ed, v\u010detn\u011b program\u016f odborn\u00e9ho a profesn\u00edho vzd\u011bl\u00e1v\u00e1n\u00ed p\u0159izp\u016fsoben\u00fdch specifick\u00fdm pot\u0159eb\u00e1m c\u00edlov\u00fdch skupin a pr\u016fmyslov\u00fdch odv\u011btv\u00ed. Poskytuje tak\u00e9 \u0161kolen\u00ed p\u0159izp\u016fsoben\u00e1 po\u017eadavk\u016fm firem, profesn\u00ed kvalifika\u010dn\u00ed kurzy akreditovan\u00e9 v r\u00e1mci N\u00e1rodn\u00ed soustavy kvalifikac\u00ed a rekvalifika\u010dn\u00ed programy reaguj\u00edc\u00ed na nov\u00e9 po\u017eadavky trhu pr\u00e1ce. Krom\u011b toho V\u0160TE podporuje zapojen\u00ed komunity prost\u0159ednictv\u00edm specializovan\u00fdch za\u0159\u00edzen\u00ed a iniciativ, jako je Bavorsko-\u010desk\u00fd studentsk\u00fd inkub\u00e1tor na podporu start-upov\u00fdch aktivit v p\u0159\u00edhrani\u010dn\u00edm regionu, Kari\u00e9rn\u00ed centrum, Centrum bez bari\u00e9r a Univerzita t\u0159et\u00edho v\u011bku. V\u0160TE rovn\u011b\u017e podporuje du\u0161evn\u00ed pohodu student\u016f a jejich soci\u00e1ln\u00ed za\u010dle\u0148ov\u00e1n\u00ed prost\u0159ednictv\u00edm r\u016fzn\u00fdch sportovn\u00edch t\u00fdm\u016f a volno\u010dasov\u00fdch aktivit.<\/p>\n<hr \/>\n<p><img decoding=\"async\" class=\"wp-image-43 size-full aligncenter\" src=\"https:\/\/entre2rise.erasmus.site\/wp-content\/uploads\/2025\/12\/itsalvus.webp\" alt=\"\" width=\"300\" height=\"300\" srcset=\"https:\/\/entre2rise.erasmus.site\/wp-content\/uploads\/2025\/12\/itsalvus.webp 300w, https:\/\/entre2rise.erasmus.site\/wp-content\/uploads\/2025\/12\/itsalvus-150x150.webp 150w, https:\/\/entre2rise.erasmus.site\/wp-content\/uploads\/2025\/12\/itsalvus-24x24.webp 24w, https:\/\/entre2rise.erasmus.site\/wp-content\/uploads\/2025\/12\/itsalvus-36x36.webp 36w, https:\/\/entre2rise.erasmus.site\/wp-content\/uploads\/2025\/12\/itsalvus-48x48.webp 48w\" sizes=\"(max-width: 300px) 100vw, 300px\" \/><\/p>\n<h3 style=\"text-align: center;\"><strong>IT Salvus \u0141UKASZ K\u0141APA- Polsko<\/strong><\/h3>\n<p>IT Salvus LUKASZ KLAPA je zavedenou spole\u010dnost\u00ed v r\u00e1mci mal\u00e9ho a st\u0159edn\u00edho podnik\u00e1n\u00ed, kter\u00e1 od roku 2010 p\u016fsob\u00ed v oblasti IT, nov\u00fdch technologi\u00ed a um\u011bl\u00e9 inteligence. Spole\u010dnost za\u010d\u00ednala roz\u0161i\u0159ov\u00e1n\u00edm s\u00ed\u0165ov\u00e9ho p\u0159\u00edstupu v Podkarpatsk\u00e9m regionu prost\u0159ednictv\u00edm rozvoje s\u00edt\u00ed MAN a WAN, optick\u00fdch vl\u00e1ken a slu\u017eeb IPTV. Postupem \u010dasu se zam\u011b\u0159ila na tvorbu digit\u00e1ln\u00edch \u0159e\u0161en\u00ed na m\u00edru, kter\u00e1 podporuj\u00ed r\u016fst podnik\u00e1n\u00ed a zvy\u0161uj\u00ed efektivitu pomoc\u00ed inteligentn\u00edch n\u00e1stroj\u016f.<br \/>\nV sou\u010dasnosti IT Salvus navrhuje, vytv\u00e1\u0159\u00ed a spravuje r\u016fzn\u00e9 syst\u00e9my od jednoduch\u00fdch aplikac\u00ed a\u017e po komplexn\u00ed v\u00edcevrstv\u00e9 platformy s podporou um\u011bl\u00e9 inteligence. Nab\u00edz\u00ed odborn\u00e9 slu\u017eby v oblasti webov\u00fdch a mobiln\u00edch aplikac\u00ed, hostingov\u00fdch \u0159e\u0161en\u00ed, zabezpe\u010den\u00ed dat v datov\u00fdch centrech a vysoce dostupn\u00e9 infrastruktury s pokro\u010dil\u00fdm monitorov\u00e1n\u00edm a optimalizac\u00ed. Spole\u010dnost vyu\u017e\u00edv\u00e1 modern\u00ed platformy jako Flutter, TensorFlow, Laravel, Laminas a Symfony. IT Salvus spolupracuje s\u00a0celou \u0159adou organizac\u00ed a d\u00e1le se p\u0159izp\u016fsobuje nov\u00fdm digit\u00e1ln\u00edm trend\u016fm, aby poskytovala efektivn\u00ed a progresivn\u00ed \u0159e\u0161en\u00ed.<\/p>\n<hr \/>\n<p><img decoding=\"async\" class=\"wp-image-44 size-full aligncenter\" src=\"https:\/\/entre2rise.erasmus.site\/wp-content\/uploads\/2025\/12\/dias.webp\" alt=\"\" width=\"300\" height=\"300\" srcset=\"https:\/\/entre2rise.erasmus.site\/wp-content\/uploads\/2025\/12\/dias.webp 300w, https:\/\/entre2rise.erasmus.site\/wp-content\/uploads\/2025\/12\/dias-150x150.webp 150w, https:\/\/entre2rise.erasmus.site\/wp-content\/uploads\/2025\/12\/dias-24x24.webp 24w, https:\/\/entre2rise.erasmus.site\/wp-content\/uploads\/2025\/12\/dias-36x36.webp 36w, https:\/\/entre2rise.erasmus.site\/wp-content\/uploads\/2025\/12\/dias-48x48.webp 48w\" sizes=\"(max-width: 300px) 100vw, 300px\" \/><\/p>\n<h3 style=\"text-align: center;\"><strong>KENTRO EPAGELMATIKIS KATARTISIS DIAS EPE &#8211; Greece<\/strong><\/h3>\n<p>DIAS VET je certifikovan\u00e9 centrum odborn\u00e9ho vzd\u011bl\u00e1v\u00e1n\u00ed a p\u0159\u00edpravy se s\u00eddlem v\u00a0\u0158ecku. Zam\u011b\u0159uje se na podporu celo\u017eivotn\u00edho u\u010den\u00ed, profesn\u00edho rozvoje a inovac\u00ed ve vzd\u011bl\u00e1v\u00e1n\u00ed. D\u00edky rozs\u00e1hl\u00fdm zku\u0161enostem s projekty financovan\u00fdmi EU toto centrum navrhuje a realizuje vzd\u011bl\u00e1vac\u00ed programy, kter\u00e9 reaguj\u00ed na nov\u00e9 pot\u0159eby trhu pr\u00e1ce, podporuj\u00ed podnik\u00e1n\u00ed a zlep\u0161uj\u00ed digit\u00e1ln\u00ed a m\u011bkk\u00e9 dovednosti student\u016f i profesion\u00e1l\u016f.<br \/>\nOrganizace spolupracuje s ve\u0159ejn\u00fdmi org\u00e1ny, vzd\u011bl\u00e1vac\u00edmi institucemi i podniky na vytv\u00e1\u0159en\u00ed inkluzivn\u00edch vzd\u011bl\u00e1vac\u00edch cest a udr\u017eiteln\u00fdch kari\u00e9rn\u00edch p\u0159\u00edle\u017eitost\u00ed. Sv\u00fdm dynamick\u00fdm p\u0159\u00edstupem a evropsk\u00fdmi partnerstv\u00edmi DIAS VET p\u0159isp\u00edv\u00e1 k propojov\u00e1n\u00ed vzd\u011bl\u00e1v\u00e1n\u00ed, inovac\u00ed a zam\u011bstnatelnosti, \u010d\u00edm\u017e podporuje jednotlivce tak, aby prosperovali v m\u011bn\u00edc\u00edm se socioekonomick\u00e9m prost\u0159ed\u00ed.<\/p>\n<hr \/>\n<p><img loading=\"lazy\" decoding=\"async\" class=\"wp-image-48 size-full aligncenter\" src=\"https:\/\/entre2rise.erasmus.site\/wp-content\/uploads\/2025\/12\/responsiblesociety.webp\" alt=\"\" width=\"300\" height=\"300\" srcset=\"https:\/\/entre2rise.erasmus.site\/wp-content\/uploads\/2025\/12\/responsiblesociety.webp 300w, https:\/\/entre2rise.erasmus.site\/wp-content\/uploads\/2025\/12\/responsiblesociety-150x150.webp 150w, https:\/\/entre2rise.erasmus.site\/wp-content\/uploads\/2025\/12\/responsiblesociety-24x24.webp 24w, https:\/\/entre2rise.erasmus.site\/wp-content\/uploads\/2025\/12\/responsiblesociety-36x36.webp 36w, https:\/\/entre2rise.erasmus.site\/wp-content\/uploads\/2025\/12\/responsiblesociety-48x48.webp 48w\" sizes=\"(max-width: 300px) 100vw, 300px\" \/><\/p>\n<h3 style=\"text-align: center;\"><strong>Odpov\u011bdn\u00e1 spole\u010dnost, z. s. \u2013 \u010cesk\u00e1 republika<\/strong><\/h3>\n<p>Odpov\u011bdn\u00e1 spole\u010dnost je neziskov\u00e1 organizace zam\u011b\u0159en\u00e1 na podporu odpov\u011bdn\u00e9ho p\u0159\u00edstupu na v\u0161ech \u00farovn\u00edch spole\u010densk\u00e9ho \u017eivota, zejm\u00e9na ve vzd\u011bl\u00e1v\u00e1n\u00ed, ve\u0159ejn\u00e9 politice, podnik\u00e1n\u00ed a v\u011bd\u011b.<\/p>\n<p>V\u011b\u0159\u00edme, \u017ee odpov\u011bdn\u00ed akt\u00e9\u0159i jsou ti, kte\u0159\u00ed reaguj\u00ed v\u011bdom\u011b m\u00edsto pouh\u00e9ho reagov\u00e1n\u00ed &#8211; rozum\u00ed sv\u00e9 roli, zam\u00fd\u0161lej\u00ed se nad dopadem sv\u00fdch rozhodnut\u00ed a zapojuj\u00ed se do smyslupln\u00fdch aktivit.<\/p>\n<p>Prost\u0159ednictv\u00edm aplikovan\u00e9ho v\u00fdzkumu, vzd\u011bl\u00e1vac\u00edch program\u016f a spole\u010dn\u00fdch iniciativ podporujeme rozhodov\u00e1n\u00ed zalo\u017een\u00e9 na d\u016fkazech, syst\u00e9mov\u00e9 my\u0161len\u00ed a otev\u0159en\u00fd dialog. Spolupracujeme se \u0161kolami, univerzitami, podniky, ve\u0159ejnou spr\u00e1vou a ob\u010danskou spole\u010dnost\u00ed na podpo\u0159e inovac\u00ed, digit\u00e1ln\u00ed gramotnosti, udr\u017eitelnosti a aktivn\u00edho ob\u010danstv\u00ed.<\/p>\n<p>P\u011bstov\u00e1n\u00edm pov\u011bdom\u00ed, empatie, kritick\u00e9 reflexe a syst\u00e9mov\u00e9ho porozum\u011bn\u00ed usilujeme o vytv\u00e1\u0159en\u00ed spole\u010dnosti, ve kter\u00e9 jednotlivci i organizace jednaj\u00ed odpov\u011bdn\u011b \u2013 s pln\u00fdm v\u011bdom\u00edm d\u016fsledk\u016f sv\u00fdch \u010din\u016f, \u0161ir\u0161\u00edho kontextu, v n\u011bm\u017e p\u016fsob\u00ed, a p\u0159\u00edle\u017eitost\u00ed pro pozitivn\u00ed zm\u011bnu.<\/p>\n<hr \/>\n<p><img loading=\"lazy\" decoding=\"async\" class=\"wp-image-52 size-full aligncenter\" src=\"https:\/\/entre2rise.erasmus.site\/wp-content\/uploads\/2025\/12\/csr.webp\" alt=\"\" width=\"300\" height=\"300\" srcset=\"https:\/\/entre2rise.erasmus.site\/wp-content\/uploads\/2025\/12\/csr.webp 300w, https:\/\/entre2rise.erasmus.site\/wp-content\/uploads\/2025\/12\/csr-150x150.webp 150w, https:\/\/entre2rise.erasmus.site\/wp-content\/uploads\/2025\/12\/csr-24x24.webp 24w, https:\/\/entre2rise.erasmus.site\/wp-content\/uploads\/2025\/12\/csr-36x36.webp 36w, https:\/\/entre2rise.erasmus.site\/wp-content\/uploads\/2025\/12\/csr-48x48.webp 48w\" sizes=\"(max-width: 300px) 100vw, 300px\" \/><\/p>\n<h3 style=\"text-align: center;\"><strong>CSR Innovative Solutions ApS &#8211; D\u00e1nsko<\/strong><\/h3>\n<p>Spole\u010dnost CSR Innovative Solutions ApS se s\u00eddlem v D\u00e1nsku a Norsku p\u0159in\u00e1\u0161\u00ed do projektu ENTRE2RISE jedine\u010dn\u00e9 odborn\u00e9 znalosti \u2013 spojuje spole\u010denskou odpov\u011bdnost firem (CSR), ESG strategie a podporu du\u0161evn\u00ed pohody podnikatel\u016f.<\/p>\n<p>Jako poradensk\u00e1 spole\u010dnost zam\u011b\u0159en\u00e1 na pozitivn\u00ed soci\u00e1ln\u00ed dopad se specializujeme na vytv\u00e1\u0159en\u00ed inkluzivn\u00edch, udr\u017eiteln\u00fdch a na \u010dlov\u011bka orientovan\u00fdch podnikov\u00fdch strategi\u00ed. Na\u0161\u00ed prac\u00ed podporujeme podnikatele a firmy p\u0159i zvl\u00e1d\u00e1n\u00ed stresu, rozvoji emo\u010dn\u00ed inteligence a budov\u00e1n\u00ed odoln\u00e9ho leadershipu \u2013 kl\u00ed\u010dov\u00e9 c\u00edle projektu ENTRE2RISE.<\/p>\n<p>D\u00edky siln\u00fdm digit\u00e1ln\u00edm schopnostem v oblasti monitorov\u00e1n\u00ed dat, hodnocen\u00ed dopad\u016f a poskytov\u00e1n\u00ed \u0161kolen\u00ed zaji\u0161\u0165ujeme udr\u017eitelnost a dostupnost v\u00fdstup\u016f projektu.<\/p>\n<p>Spole\u010dn\u011b s na\u0161imi partnery jsme hrd\u00ed na to, \u017ee pom\u00e1h\u00e1me formovat zdrav\u011bj\u0161\u00ed a odoln\u011bj\u0161\u00ed budoucnost pro evropsk\u00e9 podnikatele.<\/p>\n<hr \/>\n<p><img loading=\"lazy\" decoding=\"async\" class=\"wp-image-57 size-full aligncenter\" src=\"https:\/\/entre2rise.erasmus.site\/wp-content\/uploads\/2025\/12\/champions-factory.webp\" alt=\"\" width=\"300\" height=\"300\" srcset=\"https:\/\/entre2rise.erasmus.site\/wp-content\/uploads\/2025\/12\/champions-factory.webp 300w, https:\/\/entre2rise.erasmus.site\/wp-content\/uploads\/2025\/12\/champions-factory-150x150.webp 150w, https:\/\/entre2rise.erasmus.site\/wp-content\/uploads\/2025\/12\/champions-factory-24x24.webp 24w, https:\/\/entre2rise.erasmus.site\/wp-content\/uploads\/2025\/12\/champions-factory-36x36.webp 36w, https:\/\/entre2rise.erasmus.site\/wp-content\/uploads\/2025\/12\/champions-factory-48x48.webp 48w\" sizes=\"(max-width: 300px) 100vw, 300px\" \/><\/p>\n<h3 style=\"text-align: center;\"><strong>Champions Factory \u2013 Bulharsko<\/strong><\/h3>\n<p>Champions Factory je glob\u00e1ln\u00ed neziskov\u00e1 organizace zam\u011b\u0159en\u00e1 na rozvoj lidsk\u00e9ho potenci\u00e1lu prost\u0159ednictv\u00edm vzd\u011bl\u00e1v\u00e1n\u00ed, podnik\u00e1n\u00ed a sportu. Vych\u00e1z\u00ed z p\u0159esv\u011bd\u010den\u00ed, \u017ee ka\u017ed\u00fd m\u016f\u017ee b\u00fdt \u0161ampionem, a posiluje jednotlivce v\u00a0rozvoji jejich my\u0161len\u00ed a dovednost\u00ed pot\u0159ebn\u00fdch k vytv\u00e1\u0159en\u00ed pozitivn\u00ed zm\u011bny.<br \/>\nD\u00edky velk\u00e9 odbornosti v oblasti podnikatelsk\u00e9ho vzd\u011bl\u00e1v\u00e1n\u00ed, rozvoji leadershipu a budov\u00e1n\u00ed kapacit vytv\u00e1\u0159\u00ed Champions Factory z\u00e1\u017eitkov\u00e9 vzd\u011bl\u00e1vac\u00ed programy, kter\u00e9 podporuj\u00ed inovace, kreativitu a inkluzi. Jej\u00ed holistick\u00fd p\u0159\u00edstup vybavuje \u00fa\u010dastn\u00edky schopnost\u00ed m\u011bnit n\u00e1pady v \u010diny a vytv\u00e1\u0159et udr\u017eiteln\u00e1 \u0159e\u0161en\u00ed.<\/p>\n<p>Prost\u0159ednictv\u00edm sv\u00e9 mezin\u00e1rodn\u00ed s\u00edt\u011b a ov\u011b\u0159en\u00e9 praxe se Champions Factory aktivn\u011b pod\u00edl\u00ed na projektu Entre2Rise, kde podporuje soci\u00e1ln\u00ed inovace, postaven\u00ed mlad\u00fdch lid\u00ed a rozvoj podnik\u00e1n\u00ed, p\u0159i\u010dem\u017e pom\u00e1h\u00e1 vychov\u00e1vat novou generaci glob\u00e1ln\u00edch tv\u016frc\u016f zm\u011bn.<\/p>","protected":false},"excerpt":{"rendered":"<p>Koordin\u00e1tor projektu VYSOK\u00c1 \u0160KOLA TECHNICK\u00c1 A EKONOMICK\u00c1 V \u010cESK\u00ddCH BUD\u011aJOVIC\u00cdCH \u2013 \u010cesk\u00e1 republika V\u0160TE je profesn\u011b orientovan\u00e1 ve\u0159ejn\u00e1 vysok\u00e1 \u0161kola zam\u011b\u0159en\u00e1 p\u0159edev\u0161\u00edm na vzd\u011bl\u00e1v\u00e1n\u00ed v ekonomick\u00fdch a technick\u00fdch studijn\u00edch programech a na v\u00fdzkumn\u00e9 aktivity s vysok\u00fdm potenci\u00e1lem praktick\u00e9ho vyu\u017eit\u00ed. V\u00fdstupy z v\u00fdzkumu jsou systematicky za\u010dle\u0148ov\u00e1ny do v\u00fdukov\u00fdch proces\u016f, co\u017e zaji\u0161\u0165uje p\u0159\u00edm\u00fd p\u0159enos znalost\u00ed a inovac\u00ed&hellip;&nbsp;<\/p>\n","protected":false},"author":1,"featured_media":0,"parent":0,"menu_order":0,"comment_status":"closed","ping_status":"closed","template":"","meta":{"neve_meta_sidebar":"","neve_meta_container":"","neve_meta_enable_content_width":"off","neve_meta_content_width":100,"neve_meta_title_alignment":"","neve_meta_author_avatar":"","neve_post_elements_order":"","neve_meta_disable_header":"","neve_meta_disable_footer":"","neve_meta_disable_title":"","footnotes":""},"class_list":["post-61","page","type-page","status-publish","hentry"],"_links":{"self":[{"href":"https:\/\/entre2rise.erasmus.site\/cs\/wp-json\/wp\/v2\/pages\/61","targetHints":{"allow":["GET"]}}],"collection":[{"href":"https:\/\/entre2rise.erasmus.site\/cs\/wp-json\/wp\/v2\/pages"}],"about":[{"href":"https:\/\/entre2rise.erasmus.site\/cs\/wp-json\/wp\/v2\/types\/page"}],"author":[{"embeddable":true,"href":"https:\/\/entre2rise.erasmus.site\/cs\/wp-json\/wp\/v2\/users\/1"}],"replies":[{"embeddable":true,"href":"https:\/\/entre2rise.erasmus.site\/cs\/wp-json\/wp\/v2\/comments?post=61"}],"version-history":[{"count":8,"href":"https:\/\/entre2rise.erasmus.site\/cs\/wp-json\/wp\/v2\/pages\/61\/revisions"}],"predecessor-version":[{"id":232,"href":"https:\/\/entre2rise.erasmus.site\/cs\/wp-json\/wp\/v2\/pages\/61\/revisions\/232"}],"wp:attachment":[{"href":"https:\/\/entre2rise.erasmus.site\/cs\/wp-json\/wp\/v2\/media?parent=61"}],"curies":[{"name":"wp","href":"https:\/\/api.w.org\/{rel}","templated":true}]}}