{"id":10,"date":"2025-12-15T11:05:25","date_gmt":"2025-12-15T11:05:25","guid":{"rendered":"https:\/\/entre2rise.erasmus.site\/?page_id=10"},"modified":"2026-01-14T09:42:50","modified_gmt":"2026-01-14T09:42:50","slug":"home","status":"publish","type":"page","link":"https:\/\/entre2rise.erasmus.site\/cs\/","title":{"rendered":"Dom\u016f"},"content":{"rendered":"\t\t<div data-elementor-type=\"wp-page\" data-elementor-id=\"10\" class=\"elementor elementor-10\">\n\t\t\t\t<div class=\"elementor-element elementor-element-9bd22f6 e-flex e-con-boxed e-con e-parent\" data-id=\"9bd22f6\" data-element_type=\"container\" data-e-type=\"container\" data-settings=\"{&quot;background_background&quot;:&quot;classic&quot;}\">\n\t\t\t\t\t<div class=\"e-con-inner\">\n\t\t<div class=\"elementor-element elementor-element-cce6161 e-con-full e-flex e-con e-child\" data-id=\"cce6161\" data-element_type=\"container\" data-e-type=\"container\" data-settings=\"{&quot;background_background&quot;:&quot;classic&quot;}\">\n\t\t\t\t<div class=\"elementor-element elementor-element-2d4dc78 elementor-widget elementor-widget-heading\" data-id=\"2d4dc78\" data-element_type=\"widget\" data-e-type=\"widget\" data-widget_type=\"heading.default\">\n\t\t\t\t\t<h1 class=\"elementor-heading-title elementor-size-default\">ENTRE2RISE \u2013 Od stresu k \u00fasp\u011bchu a vzestupu: Pos\u00edlen\u00ed du\u0161evn\u00edho zdrav\u00ed podnikatel\u016f pro siln\u011bj\u0161\u00ed budoucnost<\/h1>\t\t\t\t<\/div>\n\t\t\t\t<div class=\"elementor-element elementor-element-00c8321 elementor-widget elementor-widget-text-editor\" data-id=\"00c8321\" data-element_type=\"widget\" data-e-type=\"widget\" data-widget_type=\"text-editor.default\">\n\t\t\t\t\t\t\t\t\t<p style=\"text-align: center;\">Oblast: Odborn\u00e9 vzd\u011bl\u00e1v\u00e1n\u00ed a p\u0159\u00edprava<br \/>\u010c\u00edslo projektu: 2025-1-CZ01-KA220-VET-000358582<br \/>Doba trv\u00e1n\u00ed projektu: 01.10.2025 &#8211; 30.09.2027<\/p>\t\t\t\t\t\t\t\t<\/div>\n\t\t\t\t<\/div>\n\t\t\t\t\t<\/div>\n\t\t\t\t<\/div>\n\t\t<div class=\"elementor-element elementor-element-4cd59c0 e-flex e-con-boxed e-con e-parent\" data-id=\"4cd59c0\" data-element_type=\"container\" data-e-type=\"container\">\n\t\t\t\t\t<div class=\"e-con-inner\">\n\t\t<div class=\"elementor-element elementor-element-954e3c1 e-con-full e-flex e-con e-child\" data-id=\"954e3c1\" data-element_type=\"container\" data-e-type=\"container\">\n\t\t\t\t<div class=\"elementor-element elementor-element-733108c elementor-widget elementor-widget-menu-anchor\" data-id=\"733108c\" data-element_type=\"widget\" data-e-type=\"widget\" data-widget_type=\"menu-anchor.default\">\n\t\t\t\t\t\t\t<div class=\"elementor-menu-anchor\" id=\"about\"><\/div>\n\t\t\t\t\t\t<\/div>\n\t\t\t\t<div class=\"elementor-element elementor-element-4891cbf elementor-widget elementor-widget-heading\" data-id=\"4891cbf\" data-element_type=\"widget\" data-e-type=\"widget\" data-widget_type=\"heading.default\">\n\t\t\t\t\t<h2 class=\"elementor-heading-title elementor-size-default\">O projektu<\/h2>\t\t\t\t<\/div>\n\t\t\t\t<div class=\"elementor-element elementor-element-b1775ec elementor-widget elementor-widget-text-editor\" data-id=\"b1775ec\" data-element_type=\"widget\" data-e-type=\"widget\" data-widget_type=\"text-editor.default\">\n\t\t\t\t\t\t\t\t\t<p>C\u00edlem projektu ENTRE2RISE je pos\u00edlit du\u0161evn\u00ed pohodu podnikatel\u016f prost\u0159ednictv\u00edm podpory pov\u011bdom\u00ed o du\u0161evn\u00edm zdrav\u00ed a pomoci v r\u00e1mci odborn\u00e9ho vzd\u011bl\u00e1v\u00e1n\u00ed a p\u0159\u00edpravy. Projekt zav\u00e1d\u00ed inovativn\u00ed a dostupn\u00e9 vzd\u011bl\u00e1vac\u00ed metody, kter\u00e9 podnikatel\u016fm pom\u00e1haj\u00ed porozum\u011bt stresu, rozv\u00edjet odolnost a efektivn\u011bji zvl\u00e1dat emo\u010dn\u00ed n\u00e1roky spojen\u00e9 s podnik\u00e1n\u00edm \u010di veden\u00edm podniku.<\/p>\t\t\t\t\t\t\t\t<\/div>\n\t\t\t\t<\/div>\n\t\t<div class=\"elementor-element elementor-element-4cb1046 e-con-full e-flex e-con e-child\" data-id=\"4cb1046\" data-element_type=\"container\" data-e-type=\"container\">\n\t\t\t\t<div class=\"elementor-element elementor-element-8448128 elementor-widget elementor-widget-image\" data-id=\"8448128\" data-element_type=\"widget\" data-e-type=\"widget\" data-widget_type=\"image.default\">\n\t\t\t\t\t\t\t\t\t\t\t\t\t\t\t<img fetchpriority=\"high\" decoding=\"async\" width=\"1024\" height=\"512\" src=\"https:\/\/entre2rise.erasmus.site\/wp-content\/uploads\/2026\/01\/bcd33dff-a6cc-4453-84a7-0fe3bfbb77bc-scaled-1024x512.webp\" class=\"attachment-large size-large wp-image-209\" alt=\"\" srcset=\"https:\/\/entre2rise.erasmus.site\/wp-content\/uploads\/2026\/01\/bcd33dff-a6cc-4453-84a7-0fe3bfbb77bc-scaled-1024x512.webp 1024w, https:\/\/entre2rise.erasmus.site\/wp-content\/uploads\/2026\/01\/bcd33dff-a6cc-4453-84a7-0fe3bfbb77bc-scaled-300x150.webp 300w, https:\/\/entre2rise.erasmus.site\/wp-content\/uploads\/2026\/01\/bcd33dff-a6cc-4453-84a7-0fe3bfbb77bc-scaled-768x384.webp 768w, https:\/\/entre2rise.erasmus.site\/wp-content\/uploads\/2026\/01\/bcd33dff-a6cc-4453-84a7-0fe3bfbb77bc-scaled-1536x768.webp 1536w, https:\/\/entre2rise.erasmus.site\/wp-content\/uploads\/2026\/01\/bcd33dff-a6cc-4453-84a7-0fe3bfbb77bc-scaled-2048x1024.webp 2048w, https:\/\/entre2rise.erasmus.site\/wp-content\/uploads\/2026\/01\/bcd33dff-a6cc-4453-84a7-0fe3bfbb77bc-scaled-24x12.webp 24w, https:\/\/entre2rise.erasmus.site\/wp-content\/uploads\/2026\/01\/bcd33dff-a6cc-4453-84a7-0fe3bfbb77bc-scaled-36x18.webp 36w, https:\/\/entre2rise.erasmus.site\/wp-content\/uploads\/2026\/01\/bcd33dff-a6cc-4453-84a7-0fe3bfbb77bc-scaled-48x24.webp 48w\" sizes=\"(max-width: 1024px) 100vw, 1024px\" \/>\t\t\t\t\t\t\t\t\t\t\t\t\t\t\t<\/div>\n\t\t\t\t<\/div>\n\t\t\t\t\t<\/div>\n\t\t\t\t<\/div>\n\t\t<div class=\"elementor-element elementor-element-305921c e-flex e-con-boxed e-con e-parent\" data-id=\"305921c\" data-element_type=\"container\" data-e-type=\"container\">\n\t\t\t\t\t<div class=\"e-con-inner\">\n\t\t\t\t<div class=\"elementor-element elementor-element-652ec87 elementor-widget elementor-widget-menu-anchor\" data-id=\"652ec87\" data-element_type=\"widget\" data-e-type=\"widget\" data-widget_type=\"menu-anchor.default\">\n\t\t\t\t\t\t\t<div class=\"elementor-menu-anchor\" id=\"results\"><\/div>\n\t\t\t\t\t\t<\/div>\n\t\t\t\t<div class=\"elementor-element elementor-element-b79c64f elementor-widget elementor-widget-heading\" data-id=\"b79c64f\" data-element_type=\"widget\" data-e-type=\"widget\" data-widget_type=\"heading.default\">\n\t\t\t\t\t<h2 class=\"elementor-heading-title elementor-size-default\">V\u00fdsledky projektu<\/h2>\t\t\t\t<\/div>\n\t\t\t\t<div class=\"elementor-element elementor-element-968efa3 e-n-tabs-mobile elementor-widget elementor-widget-n-tabs\" data-id=\"968efa3\" data-element_type=\"widget\" data-e-type=\"widget\" data-widget_type=\"nested-tabs.default\">\n\t\t\t\t\t\t\t<div class=\"e-n-tabs\" data-widget-number=\"157872035\" aria-label=\"Tabs. Open items with Enter or Space, close with Escape and navigate using the Arrow keys.\">\n\t\t\t<div class=\"e-n-tabs-heading\" role=\"tablist\">\n\t\t\t\t\t<button id=\"e-n-tab-title-1578720351\" data-tab-title-id=\"e-n-tab-title-1578720351\" class=\"e-n-tab-title\" aria-selected=\"true\" data-tab-index=\"1\" role=\"tab\" tabindex=\"0\" aria-controls=\"e-n-tab-content-1578720351\" style=\"--n-tabs-title-order: 1;\">\n\t\t\t\t\t\t<span class=\"e-n-tab-title-text\">\n\t\t\t\tOd stresu k \u00fasp\u011bchu: Mapov\u00e1n\u00ed cesty du\u0161evn\u00edho zdrav\u00ed podnikatel\u016f\t\t\t<\/span>\n\t\t<\/button>\n\t\t\t\t<button id=\"e-n-tab-title-1578720352\" data-tab-title-id=\"e-n-tab-title-1578720352\" class=\"e-n-tab-title\" aria-selected=\"false\" data-tab-index=\"2\" role=\"tab\" tabindex=\"-1\" aria-controls=\"e-n-tab-content-1578720352\" style=\"--n-tabs-title-order: 2;\">\n\t\t\t\t\t\t<span class=\"e-n-tab-title-text\">\n\t\t\t\tPlatforma AI EmpowerLearn &amp; zdroje podpory du\u0161evn\u00edho zdrav\u00ed\t\t\t<\/span>\n\t\t<\/button>\n\t\t\t\t\t<\/div>\n\t\t\t<div class=\"e-n-tabs-content\">\n\t\t\t\t<div id=\"e-n-tab-content-1578720351\" role=\"tabpanel\" aria-labelledby=\"e-n-tab-title-1578720351\" data-tab-index=\"1\" style=\"--n-tabs-title-order: 1;\" class=\"e-active elementor-element elementor-element-10b1509 e-con-full e-flex e-con e-child\" data-id=\"10b1509\" data-element_type=\"container\" data-e-type=\"container\">\n\t\t<div class=\"elementor-element elementor-element-202c74c e-flex e-con-boxed e-con e-child\" data-id=\"202c74c\" data-element_type=\"container\" data-e-type=\"container\">\n\t\t\t\t\t<div class=\"e-con-inner\">\n\t\t\t\t<div class=\"elementor-element elementor-element-e0c3ff9 elementor-widget elementor-widget-text-editor\" data-id=\"e0c3ff9\" data-element_type=\"widget\" data-e-type=\"widget\" data-widget_type=\"text-editor.default\">\n\t\t\t\t\t\t\t\t\t<p>Mezin\u00e1rodn\u00ed v\u00fdzkumn\u00e1 studie identifikuj\u00edc\u00ed hlavn\u00ed stresory, spou\u0161t\u011b\u010de \u00fazkosti, strategie zvl\u00e1d\u00e1n\u00ed stresu a nedostatky v podpo\u0159e, kter\u00e9 ovliv\u0148uj\u00ed podnikatele. Pomoc\u00ed dotazn\u00edk\u016f, fokusn\u00edch skupin a anal\u00fdzy zalo\u017een\u00e9 na um\u011bl\u00e9 inteligenci vytvo\u0159ili partne\u0159i projektu d\u016fkazn\u00ed z\u00e1kladnu pro n\u00e1vrh digit\u00e1ln\u00edch n\u00e1stroj\u016f a vzd\u011bl\u00e1vac\u00edch materi\u00e1l\u016f pro odborn\u00e9 vzd\u011bl\u00e1v\u00e1n\u00ed a p\u0159\u00edpravu.<\/p><p>Kl\u00ed\u010dov\u00e9 \u010d\u00e1sti:<\/p><ul><li>V\u00fdzkumn\u00e1 zpr\u00e1va o du\u0161evn\u00edm zdrav\u00ed podnikatel\u016f<\/li><li>Poznatky o dopadech stresu a faktorech odolnosti<\/li><li>Doporu\u010den\u00ed pro za\u010dle\u0148ov\u00e1n\u00ed du\u0161evn\u00edho zdrav\u00ed do odborn\u00e9ho vzd\u011bl\u00e1v\u00e1n\u00ed a p\u0159\u00edpravy<\/li><\/ul><p><\/p>\t\t\t\t\t\t\t\t<\/div>\n\t\t\t\t\t<\/div>\n\t\t\t\t<\/div>\n\t\t\t\t<\/div>\n\t\t<div id=\"e-n-tab-content-1578720352\" role=\"tabpanel\" aria-labelledby=\"e-n-tab-title-1578720352\" data-tab-index=\"2\" style=\"--n-tabs-title-order: 2;\" class=\" elementor-element elementor-element-4c587ca e-con-full e-flex e-con e-child\" data-id=\"4c587ca\" data-element_type=\"container\" data-e-type=\"container\">\n\t\t<div class=\"elementor-element elementor-element-94ef3fd e-flex e-con-boxed e-con e-child\" data-id=\"94ef3fd\" data-element_type=\"container\" data-e-type=\"container\">\n\t\t\t\t\t<div class=\"e-con-inner\">\n\t\t\t\t<div class=\"elementor-element elementor-element-3e2632f elementor-widget elementor-widget-text-editor\" data-id=\"3e2632f\" data-element_type=\"widget\" data-e-type=\"widget\" data-widget_type=\"text-editor.default\">\n\t\t\t\t\t\t\t\t\t<p>Digit\u00e1ln\u00ed platforma AI EmpowerLearn poskytuje n\u00e1stroje pro zvl\u00e1d\u00e1n\u00ed stresu a podporu du\u0161evn\u00ed pohody, \u0161kol\u00edc\u00ed materi\u00e1ly pro lektory odborn\u00e9ho vzd\u011bl\u00e1v\u00e1n\u00ed a p\u0159\u00edpravy a zdroje pro budov\u00e1n\u00ed odolnosti a zlep\u0161ov\u00e1n\u00ed rozhodovac\u00edch dovednost\u00ed podnikatel\u016f.<\/p><p>Hlavn\u00ed prvky:<\/p><ul><li>Platforma AI EmpowerLearn<\/li><li>AI Chatbot<\/li><li>Online Anxiety Insight Navigator (online n\u00e1stroj pro sebehodnocen\u00ed)<\/li><li>P\u0159\u00edru\u010dka du\u0161evn\u00edho zdrav\u00ed pro podnikatele<\/li><li>Teoretick\u00fd r\u00e1mec pro lektory odborn\u00e9ho vzd\u011bl\u00e1v\u00e1n\u00ed a p\u0159\u00edpravy<\/li><li>P\u0159\u00edru\u010dka \u00fasp\u011b\u0161n\u00fdch p\u0159\u00edb\u011bh\u016f<\/li><li>Z\u00e1v\u011bre\u010dn\u00e1 zpr\u00e1va o dopadech s doporu\u010den\u00edmi<\/li><\/ul><p><\/p>\t\t\t\t\t\t\t\t<\/div>\n\t\t\t\t\t<\/div>\n\t\t\t\t<\/div>\n\t\t\t\t<\/div>\n\t\t\t\t\t<\/div>\n\t\t<\/div>\n\t\t\t\t\t\t<\/div>\n\t\t\t\t\t<\/div>\n\t\t\t\t<\/div>\n\t\t<div class=\"elementor-element elementor-element-3fcba7b e-flex e-con-boxed e-con e-parent\" data-id=\"3fcba7b\" data-element_type=\"container\" data-e-type=\"container\">\n\t\t\t\t\t<div class=\"e-con-inner\">\n\t\t\t\t<div class=\"elementor-element elementor-element-d1a5c44 elementor-widget elementor-widget-heading\" data-id=\"d1a5c44\" data-element_type=\"widget\" data-e-type=\"widget\" data-widget_type=\"heading.default\">\n\t\t\t\t\t<h2 class=\"elementor-heading-title elementor-size-default\">Partnerstv\u00ed<\/h2>\t\t\t\t<\/div>\n\t\t\t\t<div class=\"elementor-element elementor-element-36951f5 elementor-arrows-position-inside elementor-pagination-position-outside elementor-widget elementor-widget-image-carousel\" data-id=\"36951f5\" data-element_type=\"widget\" data-e-type=\"widget\" data-settings=\"{&quot;navigation&quot;:&quot;both&quot;,&quot;autoplay&quot;:&quot;yes&quot;,&quot;pause_on_hover&quot;:&quot;yes&quot;,&quot;pause_on_interaction&quot;:&quot;yes&quot;,&quot;autoplay_speed&quot;:5000,&quot;infinite&quot;:&quot;yes&quot;,&quot;speed&quot;:500}\" data-widget_type=\"image-carousel.default\">\n\t\t\t\t\t\t\t<div class=\"elementor-image-carousel-wrapper swiper\" role=\"region\" aria-roledescription=\"carousel\" aria-label=\"partnership\" dir=\"ltr\">\n\t\t\t<div class=\"elementor-image-carousel swiper-wrapper\" aria-live=\"off\">\n\t\t\t\t\t\t\t\t<div class=\"swiper-slide\" role=\"group\" aria-roledescription=\"slide\" aria-label=\"1 z 6\"><a data-elementor-open-lightbox=\"yes\" data-elementor-lightbox-slideshow=\"36951f5\" data-elementor-lightbox-title=\"wysoka skola\" data-e-action-hash=\"#elementor-action%3Aaction%3Dlightbox%26settings%3DeyJpZCI6NDIsInVybCI6Imh0dHBzOlwvXC9lbnRyZTJyaXNlLmVyYXNtdXMuc2l0ZVwvd3AtY29udGVudFwvdXBsb2Fkc1wvMjAyNVwvMTJcL3d5c29rYS1za29sYS53ZWJwIiwic2xpZGVzaG93IjoiMzY5NTFmNSJ9\" href=\"https:\/\/entre2rise.erasmus.site\/partnership\/\" target=\"_blank\"><figure class=\"swiper-slide-inner\"><img decoding=\"async\" class=\"swiper-slide-image\" src=\"https:\/\/entre2rise.erasmus.site\/wp-content\/uploads\/2025\/12\/wysoka-skola.webp\" alt=\"wysoka skola\" \/><\/figure><\/a><\/div><div class=\"swiper-slide\" role=\"group\" aria-roledescription=\"slide\" aria-label=\"2 z 6\"><a data-elementor-open-lightbox=\"yes\" data-elementor-lightbox-slideshow=\"36951f5\" data-elementor-lightbox-title=\"itsalvus\" data-e-action-hash=\"#elementor-action%3Aaction%3Dlightbox%26settings%3DeyJpZCI6NDMsInVybCI6Imh0dHBzOlwvXC9lbnRyZTJyaXNlLmVyYXNtdXMuc2l0ZVwvd3AtY29udGVudFwvdXBsb2Fkc1wvMjAyNVwvMTJcL2l0c2FsdnVzLndlYnAiLCJzbGlkZXNob3ciOiIzNjk1MWY1In0%3D\" href=\"https:\/\/entre2rise.erasmus.site\/partnership\/\" target=\"_blank\"><figure class=\"swiper-slide-inner\"><img decoding=\"async\" class=\"swiper-slide-image\" src=\"https:\/\/entre2rise.erasmus.site\/wp-content\/uploads\/2025\/12\/itsalvus.webp\" alt=\"itsalvus\" \/><\/figure><\/a><\/div><div class=\"swiper-slide\" role=\"group\" aria-roledescription=\"slide\" aria-label=\"3 z 6\"><a data-elementor-open-lightbox=\"yes\" data-elementor-lightbox-slideshow=\"36951f5\" data-elementor-lightbox-title=\"dias\" data-e-action-hash=\"#elementor-action%3Aaction%3Dlightbox%26settings%3DeyJpZCI6NDQsInVybCI6Imh0dHBzOlwvXC9lbnRyZTJyaXNlLmVyYXNtdXMuc2l0ZVwvd3AtY29udGVudFwvdXBsb2Fkc1wvMjAyNVwvMTJcL2RpYXMud2VicCIsInNsaWRlc2hvdyI6IjM2OTUxZjUifQ%3D%3D\" href=\"https:\/\/entre2rise.erasmus.site\/partnership\/\" target=\"_blank\"><figure class=\"swiper-slide-inner\"><img decoding=\"async\" class=\"swiper-slide-image\" src=\"https:\/\/entre2rise.erasmus.site\/wp-content\/uploads\/2025\/12\/dias.webp\" alt=\"dias\" \/><\/figure><\/a><\/div><div class=\"swiper-slide\" role=\"group\" aria-roledescription=\"slide\" aria-label=\"4 z 6\"><a data-elementor-open-lightbox=\"yes\" data-elementor-lightbox-slideshow=\"36951f5\" data-elementor-lightbox-title=\"responsiblesociety\" data-e-action-hash=\"#elementor-action%3Aaction%3Dlightbox%26settings%3DeyJpZCI6NDgsInVybCI6Imh0dHBzOlwvXC9lbnRyZTJyaXNlLmVyYXNtdXMuc2l0ZVwvd3AtY29udGVudFwvdXBsb2Fkc1wvMjAyNVwvMTJcL3Jlc3BvbnNpYmxlc29jaWV0eS53ZWJwIiwic2xpZGVzaG93IjoiMzY5NTFmNSJ9\" href=\"https:\/\/entre2rise.erasmus.site\/partnership\/\" target=\"_blank\"><figure class=\"swiper-slide-inner\"><img decoding=\"async\" class=\"swiper-slide-image\" src=\"https:\/\/entre2rise.erasmus.site\/wp-content\/uploads\/2025\/12\/responsiblesociety.webp\" alt=\"responsiblesociety\" \/><\/figure><\/a><\/div><div class=\"swiper-slide\" role=\"group\" aria-roledescription=\"slide\" aria-label=\"5 z 6\"><a data-elementor-open-lightbox=\"yes\" data-elementor-lightbox-slideshow=\"36951f5\" data-elementor-lightbox-title=\"csr\" data-e-action-hash=\"#elementor-action%3Aaction%3Dlightbox%26settings%3DeyJpZCI6NTIsInVybCI6Imh0dHBzOlwvXC9lbnRyZTJyaXNlLmVyYXNtdXMuc2l0ZVwvd3AtY29udGVudFwvdXBsb2Fkc1wvMjAyNVwvMTJcL2Nzci53ZWJwIiwic2xpZGVzaG93IjoiMzY5NTFmNSJ9\" href=\"https:\/\/entre2rise.erasmus.site\/partnership\/\" target=\"_blank\"><figure class=\"swiper-slide-inner\"><img decoding=\"async\" class=\"swiper-slide-image\" src=\"https:\/\/entre2rise.erasmus.site\/wp-content\/uploads\/2025\/12\/csr.webp\" alt=\"csr\" \/><\/figure><\/a><\/div><div class=\"swiper-slide\" role=\"group\" aria-roledescription=\"slide\" aria-label=\"6 z 6\"><a data-elementor-open-lightbox=\"yes\" data-elementor-lightbox-slideshow=\"36951f5\" data-elementor-lightbox-title=\"champions factory\" data-e-action-hash=\"#elementor-action%3Aaction%3Dlightbox%26settings%3DeyJpZCI6NTcsInVybCI6Imh0dHBzOlwvXC9lbnRyZTJyaXNlLmVyYXNtdXMuc2l0ZVwvd3AtY29udGVudFwvdXBsb2Fkc1wvMjAyNVwvMTJcL2NoYW1waW9ucy1mYWN0b3J5LndlYnAiLCJzbGlkZXNob3ciOiIzNjk1MWY1In0%3D\" href=\"https:\/\/entre2rise.erasmus.site\/partnership\/\" target=\"_blank\"><figure class=\"swiper-slide-inner\"><img decoding=\"async\" class=\"swiper-slide-image\" src=\"https:\/\/entre2rise.erasmus.site\/wp-content\/uploads\/2025\/12\/champions-factory.webp\" alt=\"champions factory\" \/><\/figure><\/a><\/div>\t\t\t<\/div>\n\t\t\t\t\t\t\t\t\t\t\t\t<div class=\"elementor-swiper-button elementor-swiper-button-prev\" role=\"button\" tabindex=\"0\">\n\t\t\t\t\t\t<svg aria-hidden=\"true\" class=\"e-font-icon-svg e-eicon-chevron-left\" viewBox=\"0 0 1000 1000\" xmlns=\"http:\/\/www.w3.org\/2000\/svg\"><path d=\"M646 125C629 125 613 133 604 142L308 442C296 454 292 471 292 487 292 504 296 521 308 533L604 854C617 867 629 875 646 875 663 875 679 871 692 858 704 846 713 829 713 812 713 796 708 779 692 767L438 487 692 225C700 217 708 204 708 187 708 171 704 154 692 142 675 129 663 125 646 125Z\"><\/path><\/svg>\t\t\t\t\t<\/div>\n\t\t\t\t\t<div class=\"elementor-swiper-button elementor-swiper-button-next\" role=\"button\" tabindex=\"0\">\n\t\t\t\t\t\t<svg aria-hidden=\"true\" class=\"e-font-icon-svg e-eicon-chevron-right\" viewBox=\"0 0 1000 1000\" xmlns=\"http:\/\/www.w3.org\/2000\/svg\"><path d=\"M696 533C708 521 713 504 713 487 713 471 708 454 696 446L400 146C388 133 375 125 354 125 338 125 325 129 313 142 300 154 292 171 292 187 292 204 296 221 308 233L563 492 304 771C292 783 288 800 288 817 288 833 296 850 308 863 321 871 338 875 354 875 371 875 388 867 400 854L696 533Z\"><\/path><\/svg>\t\t\t\t\t<\/div>\n\t\t\t\t\n\t\t\t\t\t\t\t\t\t<div class=\"swiper-pagination\"><\/div>\n\t\t\t\t\t\t\t\t\t<\/div>\n\t\t\t\t\t\t<\/div>\n\t\t\t\t\t<\/div>\n\t\t\t\t<\/div>\n\t\t\t\t<\/div>\n\t\t","protected":false},"excerpt":{"rendered":"<p>ENTRE2RISE \u2013 Od stresu k \u00fasp\u011bchu a vzestupu: Pos\u00edlen\u00ed du\u0161evn\u00edho zdrav\u00ed podnikatel\u016f pro siln\u011bj\u0161\u00ed budoucnost Oblast: Odborn\u00e9 vzd\u011bl\u00e1v\u00e1n\u00ed a p\u0159\u00edprava\u010c\u00edslo projektu: 2025-1-CZ01-KA220-VET-000358582Doba trv\u00e1n\u00ed projektu: 01.10.2025 &#8211; 30.09.2027 O projektu C\u00edlem projektu ENTRE2RISE je pos\u00edlit du\u0161evn\u00ed pohodu podnikatel\u016f prost\u0159ednictv\u00edm podpory pov\u011bdom\u00ed o du\u0161evn\u00edm zdrav\u00ed a pomoci v r\u00e1mci odborn\u00e9ho vzd\u011bl\u00e1v\u00e1n\u00ed a p\u0159\u00edpravy. Projekt zav\u00e1d\u00ed inovativn\u00ed a&hellip;&nbsp;<\/p>\n","protected":false},"author":1,"featured_media":0,"parent":0,"menu_order":0,"comment_status":"closed","ping_status":"closed","template":"page-templates\/template-pagebuilder-full-width.php","meta":{"neve_meta_sidebar":"","neve_meta_container":"","neve_meta_enable_content_width":"off","neve_meta_content_width":100,"neve_meta_title_alignment":"","neve_meta_author_avatar":"","neve_post_elements_order":"","neve_meta_disable_header":"","neve_meta_disable_footer":"","neve_meta_disable_title":"","footnotes":""},"class_list":["post-10","page","type-page","status-publish","hentry"],"_links":{"self":[{"href":"https:\/\/entre2rise.erasmus.site\/cs\/wp-json\/wp\/v2\/pages\/10","targetHints":{"allow":["GET"]}}],"collection":[{"href":"https:\/\/entre2rise.erasmus.site\/cs\/wp-json\/wp\/v2\/pages"}],"about":[{"href":"https:\/\/entre2rise.erasmus.site\/cs\/wp-json\/wp\/v2\/types\/page"}],"author":[{"embeddable":true,"href":"https:\/\/entre2rise.erasmus.site\/cs\/wp-json\/wp\/v2\/users\/1"}],"replies":[{"embeddable":true,"href":"https:\/\/entre2rise.erasmus.site\/cs\/wp-json\/wp\/v2\/comments?post=10"}],"version-history":[{"count":113,"href":"https:\/\/entre2rise.erasmus.site\/cs\/wp-json\/wp\/v2\/pages\/10\/revisions"}],"predecessor-version":[{"id":215,"href":"https:\/\/entre2rise.erasmus.site\/cs\/wp-json\/wp\/v2\/pages\/10\/revisions\/215"}],"wp:attachment":[{"href":"https:\/\/entre2rise.erasmus.site\/cs\/wp-json\/wp\/v2\/media?parent=10"}],"curies":[{"name":"wp","href":"https:\/\/api.w.org\/{rel}","templated":true}]}}